{"id":2314,"date":"2021-05-30T19:07:45","date_gmt":"2021-05-30T19:07:45","guid":{"rendered":"https:\/\/www.s-senginering.nl\/easy-cleaner\/"},"modified":"2021-12-06T13:00:18","modified_gmt":"2021-12-06T13:00:18","slug":"easy-cleaner","status":"publish","type":"page","link":"https:\/\/www.s-senginering.nl\/de\/easy-cleaner\/","title":{"rendered":"Easy Cleaner"},"content":{"rendered":"\t\t<div data-elementor-type=\"wp-page\" data-elementor-id=\"2314\" class=\"elementor elementor-2314 elementor-1481\" data-elementor-post-type=\"page\">\n\t\t\t\t\t\t<section class=\"elementor-section elementor-top-section elementor-element elementor-element-dea384b elementor-section-boxed elementor-section-height-default elementor-section-height-default\" data-id=\"dea384b\" data-element_type=\"section\" data-e-type=\"section\">\n\t\t\t\t\t\t<div class=\"elementor-container elementor-column-gap-default\">\n\t\t\t\t\t<div class=\"elementor-column elementor-col-100 elementor-top-column elementor-element elementor-element-2dcc8fa\" data-id=\"2dcc8fa\" data-element_type=\"column\" data-e-type=\"column\">\n\t\t\t<div class=\"elementor-widget-wrap elementor-element-populated\">\n\t\t\t\t\t\t<div class=\"elementor-element elementor-element-b8db336 elementor-widget elementor-widget-text-editor\" data-id=\"b8db336\" data-element_type=\"widget\" data-e-type=\"widget\" data-widget_type=\"text-editor.default\">\n\t\t\t\t<div class=\"elementor-widget-container\">\n\t\t\t\t\t\t\t\t\t<p>Der EASY CLEANER ist f\u00fcr die Reinigung von Wasserabflussrohren, wie Abflussrohren, Dachrinnen, Toilettenabl\u00e4ufen und anderen Reinigungsarbeiten geeignet. <br \/>Die Maschine eignet sich auch hervorragend zum Entleeren und Sp\u00fclen von G\u00fclleablaufrinnen in Kuh- und Schweinest\u00e4llen, sowie zum Reinigen von St\u00e4llen, Geb\u00e4uden, Ger\u00e4ten etc., wobei gr\u00f6\u00dfere Wassermengen pro Minute eine optimale Reinigungswirkung garantieren.<br \/>Sie k\u00f6nnen den EASY CLEANER auch zum Reinigen von sehr kleinen Rohren verwenden, wie z. B. 30 mm Abflussrohre oder nat\u00fcrlich gr\u00f6\u00dfere Abflussrohre auf Hof- und\/oder Industriegel\u00e4nden.<\/p>\n<p>Der EASY CLEANER ist serienm\u00e4\u00dfig mit einem 142ltr\/min-50 bar ausgestattet. Kolbenmembranpumpe und ein \u201d-100 Meter 90 bar. Schlange.<br \/>Der Spr\u00fchkopf zieht sich mit dem Schlauch in das Rohr ein, durch eine Kombination aus gr\u00f6\u00dferen Wassermengen und Druck am Spr\u00fchkopf.<br \/>An der Haspel des EASY CLEANER ist serienm\u00e4\u00dfig eine Kurbel zum Ein- und Aufrollen des Reinigungsschlauches angebracht.<br \/>&#8211; Grabenfilter aus Edelstahl &#8211; Maschinenfilter &#8211; Zapfwelle<\/p>\n<p><strong>Zus\u00e4tzlich:<\/strong><br \/>&#8211;Als Extra kann der EASY CLEANER mit einer gr\u00f6\u00dferen Pumpe 192 ltr\/min- 50 bar Kolbenmembranpumpe geliefert werden, die auch zum Absaugen aus offenem Wasser geeignet ist. Durch die Verwendung gr\u00f6\u00dferer Pumpen kann eine niedrigere Pumpendrehzahl verwendet werden und diese sind notwendig, wenn l\u00e4ngere Schlauchl\u00e4ngen 5\/8\u201d verwendet werden sollen.<\/p>\n<p>&#8212; Der EASY CLEANER kann auch mit einer gr\u00f6\u00dferen Haspel f\u00fcr 5\/8\u201d Schlauch ausgestattet werden, damit mehr Wasser zur D\u00fcse kommt. Optional kann diese Haspel hydraulisch angetrieben werden.<\/p>\n<p>&#8211;Mit einer DUO-Rolle ist der EASY CLEANER mit einem 100m \u00bd\u201d Schlauch und 100m ausgestattet. 5\/8\u201d 80 bar. Schlauch, f\u00fcr Arbeiten in Rohren mit gr\u00f6\u00dferen Durchmessern und\/oder l\u00e4ngeren L\u00e4ngen.<br \/>&#8211;Der 5\/8-Zoll-Schlauch ist auch in l\u00e4ngeren L\u00e4ngen erh\u00e4ltlich.<\/p>\n<p>Die Anh\u00e4ngerkupplung ist nicht f\u00fcr den \u00f6ffentlichen Stra\u00dfenverkehr zugelassen.<\/p>\n\t\t\t\t\t\t\t\t<\/div>\n\t\t\t\t<\/div>\n\t\t\t\t\t<\/div>\n\t\t<\/div>\n\t\t\t\t\t<\/div>\n\t\t<\/section>\n\t\t\t\t<section class=\"elementor-section elementor-top-section elementor-element elementor-element-ce1d0de elementor-section-boxed elementor-section-height-default elementor-section-height-default\" data-id=\"ce1d0de\" data-element_type=\"section\" data-e-type=\"section\">\n\t\t\t\t\t\t<div class=\"elementor-container elementor-column-gap-default\">\n\t\t\t\t\t<div class=\"elementor-column elementor-col-100 elementor-top-column elementor-element elementor-element-886a664\" data-id=\"886a664\" data-element_type=\"column\" data-e-type=\"column\">\n\t\t\t<div class=\"elementor-widget-wrap elementor-element-populated\">\n\t\t\t\t\t\t<div class=\"elementor-element elementor-element-d032268 elementor-widget elementor-widget-image\" data-id=\"d032268\" data-element_type=\"widget\" data-e-type=\"widget\" data-widget_type=\"image.default\">\n\t\t\t\t<div class=\"elementor-widget-container\">\n\t\t\t\t\t\t\t\t\t\t\t\t\t\t\t\t<a href=\"https:\/\/www.s-senginering.nl\/wp-content\/uploads\/2021\/05\/s-s-enginering-easy-cleaner-web.jpg\" data-elementor-open-lightbox=\"yes\" data-e-action-hash=\"#elementor-action%3Aaction%3Dlightbox%26settings%3DeyJpZCI6MTIwMCwidXJsIjoiaHR0cHM6XC9cL3d3dy5zLXNlbmdpbmVyaW5nLm5sXC93cC1jb250ZW50XC91cGxvYWRzXC8yMDIxXC8wNVwvcy1zLWVuZ2luZXJpbmctZWFzeS1jbGVhbmVyLXdlYi5qcGcifQ%3D%3D\">\n\t\t\t\t\t\t\t<img fetchpriority=\"high\" decoding=\"async\" width=\"800\" height=\"885\" src=\"https:\/\/www.s-senginering.nl\/wp-content\/uploads\/2021\/05\/s-s-enginering-easy-cleaner-web-926x1024.jpg\" class=\"attachment-large size-large wp-image-1200\" alt=\"\" srcset=\"https:\/\/www.s-senginering.nl\/wp-content\/uploads\/2021\/05\/s-s-enginering-easy-cleaner-web-926x1024.jpg 926w, https:\/\/www.s-senginering.nl\/wp-content\/uploads\/2021\/05\/s-s-enginering-easy-cleaner-web-271x300.jpg 271w, https:\/\/www.s-senginering.nl\/wp-content\/uploads\/2021\/05\/s-s-enginering-easy-cleaner-web-768x849.jpg 768w, https:\/\/www.s-senginering.nl\/wp-content\/uploads\/2021\/05\/s-s-enginering-easy-cleaner-web.jpg 1158w\" sizes=\"(max-width: 800px) 100vw, 800px\" \/>\t\t\t\t\t\t\t\t<\/a>\n\t\t\t\t\t\t\t\t\t\t\t\t\t\t\t<\/div>\n\t\t\t\t<\/div>\n\t\t\t\t\t<\/div>\n\t\t<\/div>\n\t\t\t\t\t<\/div>\n\t\t<\/section>\n\t\t\t\t<\/div>\n\t\t","protected":false},"excerpt":{"rendered":"<p>Der EASY CLEANER ist f\u00fcr die Reinigung von Wasserabflussrohren, wie Abflussrohren, Dachrinnen, Toilettenabl\u00e4ufen und anderen Reinigungsarbeiten geeignet. Die Maschine eignet sich auch hervorragend zum Entleeren und Sp\u00fclen von G\u00fclleablaufrinnen in Kuh- und Schweinest\u00e4llen, sowie zum Reinigen von St\u00e4llen, Geb\u00e4uden, Ger\u00e4ten etc., wobei gr\u00f6\u00dfere Wassermengen pro Minute eine optimale Reinigungswirkung garantieren.Sie k\u00f6nnen den EASY CLEANER auch [&hellip;]<\/p>\n","protected":false},"author":1,"featured_media":1103,"parent":0,"menu_order":0,"comment_status":"closed","ping_status":"closed","template":"","meta":{"footnotes":""},"class_list":["post-2314","page","type-page","status-publish","has-post-thumbnail","hentry"],"_links":{"self":[{"href":"https:\/\/www.s-senginering.nl\/de\/wp-json\/wp\/v2\/pages\/2314","targetHints":{"allow":["GET"]}}],"collection":[{"href":"https:\/\/www.s-senginering.nl\/de\/wp-json\/wp\/v2\/pages"}],"about":[{"href":"https:\/\/www.s-senginering.nl\/de\/wp-json\/wp\/v2\/types\/page"}],"author":[{"embeddable":true,"href":"https:\/\/www.s-senginering.nl\/de\/wp-json\/wp\/v2\/users\/1"}],"replies":[{"embeddable":true,"href":"https:\/\/www.s-senginering.nl\/de\/wp-json\/wp\/v2\/comments?post=2314"}],"version-history":[{"count":5,"href":"https:\/\/www.s-senginering.nl\/de\/wp-json\/wp\/v2\/pages\/2314\/revisions"}],"predecessor-version":[{"id":2452,"href":"https:\/\/www.s-senginering.nl\/de\/wp-json\/wp\/v2\/pages\/2314\/revisions\/2452"}],"wp:featuredmedia":[{"embeddable":true,"href":"https:\/\/www.s-senginering.nl\/de\/wp-json\/wp\/v2\/media\/1103"}],"wp:attachment":[{"href":"https:\/\/www.s-senginering.nl\/de\/wp-json\/wp\/v2\/media?parent=2314"}],"curies":[{"name":"wp","href":"https:\/\/api.w.org\/{rel}","templated":true}]}}