{"id":1913,"date":"2021-03-31T09:41:30","date_gmt":"2021-03-31T09:41:30","guid":{"rendered":"https:\/\/www.s-senginering.nl\/schmutzwasserpumpe\/"},"modified":"2021-06-16T21:59:14","modified_gmt":"2021-06-16T21:59:14","slug":"schmutzwasserpumpe","status":"publish","type":"page","link":"https:\/\/www.s-senginering.nl\/de\/schmutzwasserpumpe\/","title":{"rendered":"Schmutzwasserpumpe"},"content":{"rendered":"\t\t<div data-elementor-type=\"wp-page\" data-elementor-id=\"1913\" class=\"elementor elementor-1913 elementor-32\" data-elementor-post-type=\"page\">\n\t\t\t\t\t\t<section class=\"elementor-section elementor-top-section elementor-element elementor-element-670b404 elementor-section-boxed elementor-section-height-default elementor-section-height-default\" data-id=\"670b404\" data-element_type=\"section\" data-e-type=\"section\">\n\t\t\t\t\t\t<div class=\"elementor-container elementor-column-gap-default\">\n\t\t\t\t\t<div class=\"elementor-column elementor-col-100 elementor-top-column elementor-element elementor-element-d171515\" data-id=\"d171515\" data-element_type=\"column\" data-e-type=\"column\">\n\t\t\t<div class=\"elementor-widget-wrap elementor-element-populated\">\n\t\t\t\t\t\t<div class=\"elementor-element elementor-element-434be31 elementor-widget elementor-widget-text-editor\" data-id=\"434be31\" data-element_type=\"widget\" data-e-type=\"widget\" data-widget_type=\"text-editor.default\">\n\t\t\t\t<div class=\"elementor-widget-container\">\n\t\t\t\t\t\t\t\t\t<h2>Hydraulisch angetriebene Abwasserpumpe Typ DWP 500<\/h2>\n<p>Speziell entwickelt zum Pumpen:<\/p>\n<ul>\n<li>Stark verschmutztes Wasser<\/li>\n<li>Stark verunreinigtes Sickerwasser mit z.B. Erde<\/li>\n<li>Geier<\/li>\n<li>Wasser zum Bef\u00fcllen eines Reservoirs<\/li>\n<li>Zum Umpumpen oder Mischen von G\u00fclle\/Mist<\/li>\n<\/ul>\n<p>Einfacher Anschluss an Druck- und R\u00fccklaufleitungen von:<\/p>\n<ul>\n<li>Traktor<\/li>\n<li>Bagger<\/li>\n<li>Hydroeinheit<\/li>\n<li>usw.<\/li>\n<\/ul>\n<p>Erforderliche \u00d6lmenge maximal 24 ltr.\/min.<\/p>\n<p>Mittels des \u00d6ldosierventils kann die F\u00f6rderleistung der Pumpe bis auf reguliert werden<br \/>max. \u00b1 500 ltr.\/min.<br \/>Die Pumpeneinheit ist standardm\u00e4\u00dfig mit 10 Metern ausgestattet. Hydraulikschlauch (Dr\u00fccken + zur\u00fcck) und <br \/>10 Meter. \/40 mm Druck-\/Druckschlauch, die Pumpeneinheit kann auf Anfrage mit l\u00e4ngeren Schl\u00e4uchen geliefert werden.<\/p>\n<p>Dieses Pumpenaggregat sollte aufgrund seines schnellen und einfachen, anwenderfreundlichen Einsatzes in jedem Unternehmen vorhanden sein. <\/p>\n\t\t\t\t\t\t\t\t<\/div>\n\t\t\t\t<\/div>\n\t\t\t\t<div class=\"elementor-element elementor-element-3abc38a elementor-widget elementor-widget-image\" data-id=\"3abc38a\" data-element_type=\"widget\" data-e-type=\"widget\" data-widget_type=\"image.default\">\n\t\t\t\t<div class=\"elementor-widget-container\">\n\t\t\t\t\t\t\t\t\t\t\t\t\t\t\t<img fetchpriority=\"high\" decoding=\"async\" width=\"800\" height=\"600\" src=\"https:\/\/www.s-senginering.nl\/wp-content\/uploads\/2021\/05\/vuilwaterpomp-web-s-s-enginering-1024x768.jpg\" class=\"attachment-large size-large wp-image-926\" alt=\"\" srcset=\"https:\/\/www.s-senginering.nl\/wp-content\/uploads\/2021\/05\/vuilwaterpomp-web-s-s-enginering-1024x768.jpg 1024w, https:\/\/www.s-senginering.nl\/wp-content\/uploads\/2021\/05\/vuilwaterpomp-web-s-s-enginering-300x225.jpg 300w, https:\/\/www.s-senginering.nl\/wp-content\/uploads\/2021\/05\/vuilwaterpomp-web-s-s-enginering-768x576.jpg 768w, https:\/\/www.s-senginering.nl\/wp-content\/uploads\/2021\/05\/vuilwaterpomp-web-s-s-enginering.jpg 1280w\" sizes=\"(max-width: 800px) 100vw, 800px\" \/>\t\t\t\t\t\t\t\t\t\t\t\t\t\t\t<\/div>\n\t\t\t\t<\/div>\n\t\t\t\t\t<\/div>\n\t\t<\/div>\n\t\t\t\t\t<\/div>\n\t\t<\/section>\n\t\t\t\t<\/div>\n\t\t","protected":false},"excerpt":{"rendered":"<p>Hydraulisch angetriebene Abwasserpumpe Typ DWP 500 Speziell entwickelt zum Pumpen: Stark verschmutztes Wasser Stark verunreinigtes Sickerwasser mit z.B. Erde Geier Wasser zum Bef\u00fcllen eines Reservoirs Zum Umpumpen oder Mischen von G\u00fclle\/Mist Einfacher Anschluss an Druck- und R\u00fccklaufleitungen von: Traktor Bagger Hydroeinheit usw. Erforderliche \u00d6lmenge maximal 24 ltr.\/min. Mittels des \u00d6ldosierventils kann die F\u00f6rderleistung der Pumpe [&hellip;]<\/p>\n","protected":false},"author":1,"featured_media":926,"parent":0,"menu_order":2,"comment_status":"closed","ping_status":"closed","template":"","meta":{"footnotes":""},"class_list":["post-1913","page","type-page","status-publish","has-post-thumbnail","hentry"],"_links":{"self":[{"href":"https:\/\/www.s-senginering.nl\/de\/wp-json\/wp\/v2\/pages\/1913","targetHints":{"allow":["GET"]}}],"collection":[{"href":"https:\/\/www.s-senginering.nl\/de\/wp-json\/wp\/v2\/pages"}],"about":[{"href":"https:\/\/www.s-senginering.nl\/de\/wp-json\/wp\/v2\/types\/page"}],"author":[{"embeddable":true,"href":"https:\/\/www.s-senginering.nl\/de\/wp-json\/wp\/v2\/users\/1"}],"replies":[{"embeddable":true,"href":"https:\/\/www.s-senginering.nl\/de\/wp-json\/wp\/v2\/comments?post=1913"}],"version-history":[{"count":1,"href":"https:\/\/www.s-senginering.nl\/de\/wp-json\/wp\/v2\/pages\/1913\/revisions"}],"predecessor-version":[{"id":1914,"href":"https:\/\/www.s-senginering.nl\/de\/wp-json\/wp\/v2\/pages\/1913\/revisions\/1914"}],"wp:featuredmedia":[{"embeddable":true,"href":"https:\/\/www.s-senginering.nl\/de\/wp-json\/wp\/v2\/media\/926"}],"wp:attachment":[{"href":"https:\/\/www.s-senginering.nl\/de\/wp-json\/wp\/v2\/media?parent=1913"}],"curies":[{"name":"wp","href":"https:\/\/api.w.org\/{rel}","templated":true}]}}