{"id":1904,"date":"2021-05-30T19:17:23","date_gmt":"2021-05-30T19:17:23","guid":{"rendered":"https:\/\/www.s-senginering.nl\/strassenreiniger\/"},"modified":"2021-12-06T13:24:29","modified_gmt":"2021-12-06T13:24:29","slug":"strassenreiniger","status":"publish","type":"page","link":"https:\/\/www.s-senginering.nl\/de\/strassenreiniger\/","title":{"rendered":"Strassenreiniger"},"content":{"rendered":"\t\t<div data-elementor-type=\"wp-page\" data-elementor-id=\"1904\" class=\"elementor elementor-1904 elementor-1492\" data-elementor-post-type=\"page\">\n\t\t\t\t\t\t<section class=\"elementor-section elementor-top-section elementor-element elementor-element-670b404 elementor-section-boxed elementor-section-height-default elementor-section-height-default\" data-id=\"670b404\" data-element_type=\"section\" data-e-type=\"section\">\n\t\t\t\t\t\t<div class=\"elementor-container elementor-column-gap-default\">\n\t\t\t\t\t<div class=\"elementor-column elementor-col-100 elementor-top-column elementor-element elementor-element-d171515\" data-id=\"d171515\" data-element_type=\"column\" data-e-type=\"column\">\n\t\t\t<div class=\"elementor-widget-wrap elementor-element-populated\">\n\t\t\t\t\t\t<div class=\"elementor-element elementor-element-434be31 elementor-widget elementor-widget-text-editor\" data-id=\"434be31\" data-element_type=\"widget\" data-e-type=\"widget\" data-widget_type=\"text-editor.default\">\n\t\t\t\t<div class=\"elementor-widget-container\">\n\t\t\t\t\t\t\t\t\t<p>Der Road Cleaner ist eine Neuentwicklung zur Reinigung von Stra\u00dfen mit vielen unterschiedlichen Verschmutzungen.<\/p>\n<p>Folgende Reinigungsarbeiten k\u00f6nnen mit dem Road Cleaner durchgef\u00fchrt werden:<\/p>\n<ul>\n<li>Stra\u00dfenreinigung: Schmutzig durch Kartoffeltransport vom Feld, R\u00fcbentransport und\/oder Maissilagetransport oder andere Transporte, bei denen die Stra\u00dfe gef\u00e4hrlich ist<br \/>wurde schmutzig<\/li>\n<li>Reinigung von Industrieanlagen.<\/li>\n<li>Und so weiter<\/li>\n<\/ul>\n\t\t\t\t\t\t\t\t<\/div>\n\t\t\t\t<\/div>\n\t\t\t\t<section class=\"elementor-section elementor-inner-section elementor-element elementor-element-8b16521 elementor-section-boxed elementor-section-height-default elementor-section-height-default\" data-id=\"8b16521\" data-element_type=\"section\" data-e-type=\"section\">\n\t\t\t\t\t\t<div class=\"elementor-container elementor-column-gap-default\">\n\t\t\t\t\t<div class=\"elementor-column elementor-col-50 elementor-inner-column elementor-element elementor-element-0777250\" data-id=\"0777250\" data-element_type=\"column\" data-e-type=\"column\">\n\t\t\t<div class=\"elementor-widget-wrap elementor-element-populated\">\n\t\t\t\t\t\t<div class=\"elementor-element elementor-element-bf78501 elementor-widget elementor-widget-image\" data-id=\"bf78501\" data-element_type=\"widget\" data-e-type=\"widget\" data-widget_type=\"image.default\">\n\t\t\t\t<div class=\"elementor-widget-container\">\n\t\t\t\t\t\t\t\t\t\t\t\t\t\t\t\t<a href=\"https:\/\/www.s-senginering.nl\/wp-content\/uploads\/2021\/05\/s-s-enginering-road-cleaner-web.jpg\" data-elementor-open-lightbox=\"yes\" data-e-action-hash=\"#elementor-action%3Aaction%3Dlightbox%26settings%3DeyJpZCI6MTE5NywidXJsIjoiaHR0cHM6XC9cL3d3dy5zLXNlbmdpbmVyaW5nLm5sXC93cC1jb250ZW50XC91cGxvYWRzXC8yMDIxXC8wNVwvcy1zLWVuZ2luZXJpbmctcm9hZC1jbGVhbmVyLXdlYi5qcGcifQ%3D%3D\">\n\t\t\t\t\t\t\t<img fetchpriority=\"high\" decoding=\"async\" width=\"800\" height=\"600\" src=\"https:\/\/www.s-senginering.nl\/wp-content\/uploads\/2021\/05\/s-s-enginering-road-cleaner-web-1024x768.jpg\" class=\"attachment-large size-large wp-image-1197\" alt=\"\" srcset=\"https:\/\/www.s-senginering.nl\/wp-content\/uploads\/2021\/05\/s-s-enginering-road-cleaner-web-1024x768.jpg 1024w, https:\/\/www.s-senginering.nl\/wp-content\/uploads\/2021\/05\/s-s-enginering-road-cleaner-web-300x225.jpg 300w, https:\/\/www.s-senginering.nl\/wp-content\/uploads\/2021\/05\/s-s-enginering-road-cleaner-web-768x576.jpg 768w, https:\/\/www.s-senginering.nl\/wp-content\/uploads\/2021\/05\/s-s-enginering-road-cleaner-web.jpg 1280w\" sizes=\"(max-width: 800px) 100vw, 800px\" \/>\t\t\t\t\t\t\t\t<\/a>\n\t\t\t\t\t\t\t\t\t\t\t\t\t\t\t<\/div>\n\t\t\t\t<\/div>\n\t\t\t\t\t<\/div>\n\t\t<\/div>\n\t\t\t\t<div class=\"elementor-column elementor-col-50 elementor-inner-column elementor-element elementor-element-e49cfb6\" data-id=\"e49cfb6\" data-element_type=\"column\" data-e-type=\"column\">\n\t\t\t<div class=\"elementor-widget-wrap elementor-element-populated\">\n\t\t\t\t\t\t<div class=\"elementor-element elementor-element-b119b5e elementor-widget elementor-widget-image\" data-id=\"b119b5e\" data-element_type=\"widget\" data-e-type=\"widget\" data-widget_type=\"image.default\">\n\t\t\t\t<div class=\"elementor-widget-container\">\n\t\t\t\t\t\t\t\t\t\t\t\t\t\t\t\t<a href=\"https:\/\/www.s-senginering.nl\/wp-content\/uploads\/2021\/06\/road-cleaner-breed-s-s-enginering.jpg\" data-elementor-open-lightbox=\"yes\" data-e-action-hash=\"#elementor-action%3Aaction%3Dlightbox%26settings%3DeyJpZCI6MTY0NiwidXJsIjoiaHR0cHM6XC9cL3d3dy5zLXNlbmdpbmVyaW5nLm5sXC93cC1jb250ZW50XC91cGxvYWRzXC8yMDIxXC8wNlwvcm9hZC1jbGVhbmVyLWJyZWVkLXMtcy1lbmdpbmVyaW5nLmpwZyJ9\">\n\t\t\t\t\t\t\t<img decoding=\"async\" width=\"800\" height=\"600\" src=\"https:\/\/www.s-senginering.nl\/wp-content\/uploads\/2021\/06\/road-cleaner-breed-s-s-enginering-1024x768.jpg\" class=\"attachment-large size-large wp-image-1646\" alt=\"\" srcset=\"https:\/\/www.s-senginering.nl\/wp-content\/uploads\/2021\/06\/road-cleaner-breed-s-s-enginering-1024x768.jpg 1024w, https:\/\/www.s-senginering.nl\/wp-content\/uploads\/2021\/06\/road-cleaner-breed-s-s-enginering-300x225.jpg 300w, https:\/\/www.s-senginering.nl\/wp-content\/uploads\/2021\/06\/road-cleaner-breed-s-s-enginering-768x576.jpg 768w, https:\/\/www.s-senginering.nl\/wp-content\/uploads\/2021\/06\/road-cleaner-breed-s-s-enginering-1536x1152.jpg 1536w, https:\/\/www.s-senginering.nl\/wp-content\/uploads\/2021\/06\/road-cleaner-breed-s-s-enginering.jpg 1920w\" sizes=\"(max-width: 800px) 100vw, 800px\" \/>\t\t\t\t\t\t\t\t<\/a>\n\t\t\t\t\t\t\t\t\t\t\t\t\t\t\t<\/div>\n\t\t\t\t<\/div>\n\t\t\t\t\t<\/div>\n\t\t<\/div>\n\t\t\t\t\t<\/div>\n\t\t<\/section>\n\t\t\t\t<div class=\"elementor-element elementor-element-195becb elementor-widget elementor-widget-image\" data-id=\"195becb\" data-element_type=\"widget\" data-e-type=\"widget\" data-widget_type=\"image.default\">\n\t\t\t\t<div class=\"elementor-widget-container\">\n\t\t\t\t\t\t\t\t\t\t\t\t\t\t\t\t<a href=\"https:\/\/www.s-senginering.nl\/wp-content\/uploads\/2021\/06\/raod-cleaner-actie-s-s-enginering.jpg\" data-elementor-open-lightbox=\"yes\" data-e-action-hash=\"#elementor-action%3Aaction%3Dlightbox%26settings%3DeyJpZCI6MTYyOCwidXJsIjoiaHR0cHM6XC9cL3d3dy5zLXNlbmdpbmVyaW5nLm5sXC93cC1jb250ZW50XC91cGxvYWRzXC8yMDIxXC8wNlwvcmFvZC1jbGVhbmVyLWFjdGllLXMtcy1lbmdpbmVyaW5nLmpwZyJ9\">\n\t\t\t\t\t\t\t<img decoding=\"async\" width=\"455\" height=\"302\" src=\"https:\/\/www.s-senginering.nl\/wp-content\/uploads\/2021\/06\/raod-cleaner-actie-s-s-enginering.jpg\" class=\"attachment-large size-large wp-image-1628\" alt=\"\" srcset=\"https:\/\/www.s-senginering.nl\/wp-content\/uploads\/2021\/06\/raod-cleaner-actie-s-s-enginering.jpg 455w, https:\/\/www.s-senginering.nl\/wp-content\/uploads\/2021\/06\/raod-cleaner-actie-s-s-enginering-300x199.jpg 300w\" sizes=\"(max-width: 455px) 100vw, 455px\" \/>\t\t\t\t\t\t\t\t<\/a>\n\t\t\t\t\t\t\t\t\t\t\t\t\t\t\t<\/div>\n\t\t\t\t<\/div>\n\t\t\t\t\t<\/div>\n\t\t<\/div>\n\t\t\t\t\t<\/div>\n\t\t<\/section>\n\t\t\t\t<section class=\"elementor-section elementor-top-section elementor-element elementor-element-14d86f6 elementor-section-boxed elementor-section-height-default elementor-section-height-default\" data-id=\"14d86f6\" data-element_type=\"section\" data-e-type=\"section\">\n\t\t\t\t\t\t<div class=\"elementor-container elementor-column-gap-default\">\n\t\t\t\t\t<div class=\"elementor-column elementor-col-100 elementor-top-column elementor-element elementor-element-1c1a7dd\" data-id=\"1c1a7dd\" data-element_type=\"column\" data-e-type=\"column\">\n\t\t\t<div class=\"elementor-widget-wrap elementor-element-populated\">\n\t\t\t\t\t\t<div class=\"elementor-element elementor-element-756717d elementor-widget elementor-widget-video\" data-id=\"756717d\" data-element_type=\"widget\" data-e-type=\"widget\" data-settings=\"{&quot;youtube_url&quot;:&quot;https:\\\/\\\/www.youtube.com\\\/watch?v=Q0fRHyUsWAk&quot;,&quot;lazy_load&quot;:&quot;yes&quot;,&quot;video_type&quot;:&quot;youtube&quot;,&quot;controls&quot;:&quot;yes&quot;}\" data-widget_type=\"video.default\">\n\t\t\t\t<div class=\"elementor-widget-container\">\n\t\t\t\t\t\t\t<div class=\"elementor-wrapper elementor-open-inline\">\n\t\t\t<div class=\"elementor-video\"><\/div>\t\t<\/div>\n\t\t\t\t\t\t<\/div>\n\t\t\t\t<\/div>\n\t\t\t\t\t<\/div>\n\t\t<\/div>\n\t\t\t\t\t<\/div>\n\t\t<\/section>\n\t\t\t\t<\/div>\n\t\t","protected":false},"excerpt":{"rendered":"<p>Der Road Cleaner ist eine Neuentwicklung zur Reinigung von Stra\u00dfen mit vielen unterschiedlichen Verschmutzungen. Folgende Reinigungsarbeiten k\u00f6nnen mit dem Road Cleaner durchgef\u00fchrt werden: Stra\u00dfenreinigung: Schmutzig durch Kartoffeltransport vom Feld, R\u00fcbentransport und\/oder Maissilagetransport oder andere Transporte, bei denen die Stra\u00dfe gef\u00e4hrlich istwurde schmutzig Reinigung von Industrieanlagen. Und so weiter<\/p>\n","protected":false},"author":1,"featured_media":1628,"parent":0,"menu_order":2,"comment_status":"closed","ping_status":"closed","template":"","meta":{"footnotes":""},"class_list":["post-1904","page","type-page","status-publish","has-post-thumbnail","hentry"],"_links":{"self":[{"href":"https:\/\/www.s-senginering.nl\/de\/wp-json\/wp\/v2\/pages\/1904","targetHints":{"allow":["GET"]}}],"collection":[{"href":"https:\/\/www.s-senginering.nl\/de\/wp-json\/wp\/v2\/pages"}],"about":[{"href":"https:\/\/www.s-senginering.nl\/de\/wp-json\/wp\/v2\/types\/page"}],"author":[{"embeddable":true,"href":"https:\/\/www.s-senginering.nl\/de\/wp-json\/wp\/v2\/users\/1"}],"replies":[{"embeddable":true,"href":"https:\/\/www.s-senginering.nl\/de\/wp-json\/wp\/v2\/comments?post=1904"}],"version-history":[{"count":5,"href":"https:\/\/www.s-senginering.nl\/de\/wp-json\/wp\/v2\/pages\/1904\/revisions"}],"predecessor-version":[{"id":2476,"href":"https:\/\/www.s-senginering.nl\/de\/wp-json\/wp\/v2\/pages\/1904\/revisions\/2476"}],"wp:featuredmedia":[{"embeddable":true,"href":"https:\/\/www.s-senginering.nl\/de\/wp-json\/wp\/v2\/media\/1628"}],"wp:attachment":[{"href":"https:\/\/www.s-senginering.nl\/de\/wp-json\/wp\/v2\/media?parent=1904"}],"curies":[{"name":"wp","href":"https:\/\/api.w.org\/{rel}","templated":true}]}}