{"id":1896,"date":"2021-03-31T09:41:08","date_gmt":"2021-03-31T09:41:08","guid":{"rendered":"https:\/\/www.s-senginering.nl\/komponenten\/"},"modified":"2022-03-21T12:41:26","modified_gmt":"2022-03-21T12:41:26","slug":"komponenten","status":"publish","type":"page","link":"https:\/\/www.s-senginering.nl\/de\/komponenten\/","title":{"rendered":"Komponenten"},"content":{"rendered":"\t\t<div data-elementor-type=\"wp-page\" data-elementor-id=\"1896\" class=\"elementor elementor-1896 elementor-30\" data-elementor-post-type=\"page\">\n\t\t\t\t\t\t<section class=\"elementor-section elementor-top-section elementor-element elementor-element-8788984 elementor-section-boxed elementor-section-height-default elementor-section-height-default\" data-id=\"8788984\" data-element_type=\"section\" data-e-type=\"section\">\n\t\t\t\t\t\t<div class=\"elementor-container elementor-column-gap-default\">\n\t\t\t\t\t<div class=\"elementor-column elementor-col-100 elementor-top-column elementor-element elementor-element-cf43645\" data-id=\"cf43645\" data-element_type=\"column\" data-e-type=\"column\">\n\t\t\t<div class=\"elementor-widget-wrap elementor-element-populated\">\n\t\t\t\t\t\t<div class=\"elementor-element elementor-element-bb8b95c elementor-widget-divider--view-line_text elementor-widget-divider--element-align-center elementor-widget elementor-widget-divider\" data-id=\"bb8b95c\" data-element_type=\"widget\" data-e-type=\"widget\" data-widget_type=\"divider.default\">\n\t\t\t\t<div class=\"elementor-widget-container\">\n\t\t\t\t\t\t\t<div class=\"elementor-divider\">\n\t\t\t<span class=\"elementor-divider-separator\">\n\t\t\t\t\t\t\t<span class=\"elementor-divider__text elementor-divider__element\">\n\t\t\t\tPUMPS\t\t\t\t<\/span>\n\t\t\t\t\t\t<\/span>\n\t\t<\/div>\n\t\t\t\t\t\t<\/div>\n\t\t\t\t<\/div>\n\t\t\t\t\t<\/div>\n\t\t<\/div>\n\t\t\t\t\t<\/div>\n\t\t<\/section>\n\t\t\t\t<section class=\"elementor-section elementor-top-section elementor-element elementor-element-e5531ba elementor-section-boxed elementor-section-height-default elementor-section-height-default\" data-id=\"e5531ba\" data-element_type=\"section\" data-e-type=\"section\">\n\t\t\t\t\t\t<div class=\"elementor-container elementor-column-gap-default\">\n\t\t\t\t\t<div class=\"elementor-column elementor-col-50 elementor-top-column elementor-element elementor-element-03b5d68\" data-id=\"03b5d68\" data-element_type=\"column\" data-e-type=\"column\">\n\t\t\t<div class=\"elementor-widget-wrap elementor-element-populated\">\n\t\t\t\t\t\t<div class=\"elementor-element elementor-element-1db0958 elementor-widget elementor-widget-image\" data-id=\"1db0958\" data-element_type=\"widget\" data-e-type=\"widget\" data-widget_type=\"image.default\">\n\t\t\t\t<div class=\"elementor-widget-container\">\n\t\t\t\t\t\t\t\t\t\t\t\t\t\t\t\t<a href=\"https:\/\/www.s-senginering.nl\/wp-content\/uploads\/2021\/05\/Pomp-BHS-200-2.jpg\" data-elementor-open-lightbox=\"yes\" data-e-action-hash=\"#elementor-action%3Aaction%3Dlightbox%26settings%3DeyJpZCI6ODk1LCJ1cmwiOiJodHRwczpcL1wvd3d3LnMtc2VuZ2luZXJpbmcubmxcL3dwLWNvbnRlbnRcL3VwbG9hZHNcLzIwMjFcLzA1XC9Qb21wLUJIUy0yMDAtMi5qcGcifQ%3D%3D\">\n\t\t\t\t\t\t\t<img fetchpriority=\"high\" decoding=\"async\" width=\"750\" height=\"750\" src=\"https:\/\/www.s-senginering.nl\/wp-content\/uploads\/2021\/05\/Pomp-BHS-200-2.jpg\" class=\"attachment-full size-full wp-image-895\" alt=\"\" srcset=\"https:\/\/www.s-senginering.nl\/wp-content\/uploads\/2021\/05\/Pomp-BHS-200-2.jpg 750w, https:\/\/www.s-senginering.nl\/wp-content\/uploads\/2021\/05\/Pomp-BHS-200-2-300x300.jpg 300w, https:\/\/www.s-senginering.nl\/wp-content\/uploads\/2021\/05\/Pomp-BHS-200-2-150x150.jpg 150w\" sizes=\"(max-width: 750px) 100vw, 750px\" \/>\t\t\t\t\t\t\t\t<\/a>\n\t\t\t\t\t\t\t\t\t\t\t\t\t\t\t<\/div>\n\t\t\t\t<\/div>\n\t\t\t\t<div class=\"elementor-element elementor-element-bd5c8ba elementor-widget elementor-widget-heading\" data-id=\"bd5c8ba\" data-element_type=\"widget\" data-e-type=\"widget\" data-widget_type=\"heading.default\">\n\t\t\t\t<div class=\"elementor-widget-container\">\n\t\t\t\t\t<h2 class=\"elementor-heading-title elementor-size-default\">Pumpe BHS 200<\/h2>\t\t\t\t<\/div>\n\t\t\t\t<\/div>\n\t\t\t\t<div class=\"elementor-element elementor-element-f321e46 elementor-widget elementor-widget-text-editor\" data-id=\"f321e46\" data-element_type=\"widget\" data-e-type=\"widget\" data-widget_type=\"text-editor.default\">\n\t\t\t\t<div class=\"elementor-widget-container\">\n\t\t\t\t\t\t\t\t\t<p>Preis auf Anfrage<\/p><p><em>Ohne MwSt. | Zuz\u00fcglich Versandkosten<\/em><\/p>\t\t\t\t\t\t\t\t<\/div>\n\t\t\t\t<\/div>\n\t\t\t\t\t<\/div>\n\t\t<\/div>\n\t\t\t\t<div class=\"elementor-column elementor-col-50 elementor-top-column elementor-element elementor-element-d9061af\" data-id=\"d9061af\" data-element_type=\"column\" data-e-type=\"column\">\n\t\t\t<div class=\"elementor-widget-wrap elementor-element-populated\">\n\t\t\t\t\t\t<div class=\"elementor-element elementor-element-5680e57 elementor-widget elementor-widget-image\" data-id=\"5680e57\" data-element_type=\"widget\" data-e-type=\"widget\" data-widget_type=\"image.default\">\n\t\t\t\t<div class=\"elementor-widget-container\">\n\t\t\t\t\t\t\t\t\t\t\t\t\t\t\t\t<a href=\"https:\/\/www.s-senginering.nl\/wp-content\/uploads\/2021\/05\/Pomp-BHS-140-2.jpg\" data-elementor-open-lightbox=\"yes\" data-e-action-hash=\"#elementor-action%3Aaction%3Dlightbox%26settings%3DeyJpZCI6ODkyLCJ1cmwiOiJodHRwczpcL1wvd3d3LnMtc2VuZ2luZXJpbmcubmxcL3dwLWNvbnRlbnRcL3VwbG9hZHNcLzIwMjFcLzA1XC9Qb21wLUJIUy0xNDAtMi5qcGcifQ%3D%3D\">\n\t\t\t\t\t\t\t<img decoding=\"async\" width=\"750\" height=\"750\" src=\"https:\/\/www.s-senginering.nl\/wp-content\/uploads\/2021\/05\/Pomp-BHS-140-2.jpg\" class=\"attachment-full size-full wp-image-892\" alt=\"\" srcset=\"https:\/\/www.s-senginering.nl\/wp-content\/uploads\/2021\/05\/Pomp-BHS-140-2.jpg 750w, https:\/\/www.s-senginering.nl\/wp-content\/uploads\/2021\/05\/Pomp-BHS-140-2-300x300.jpg 300w, https:\/\/www.s-senginering.nl\/wp-content\/uploads\/2021\/05\/Pomp-BHS-140-2-150x150.jpg 150w\" sizes=\"(max-width: 750px) 100vw, 750px\" \/>\t\t\t\t\t\t\t\t<\/a>\n\t\t\t\t\t\t\t\t\t\t\t\t\t\t\t<\/div>\n\t\t\t\t<\/div>\n\t\t\t\t<div class=\"elementor-element elementor-element-62bd120 elementor-widget elementor-widget-heading\" data-id=\"62bd120\" data-element_type=\"widget\" data-e-type=\"widget\" data-widget_type=\"heading.default\">\n\t\t\t\t<div class=\"elementor-widget-container\">\n\t\t\t\t\t<h2 class=\"elementor-heading-title elementor-size-default\">Pumpe BHS 150<\/h2>\t\t\t\t<\/div>\n\t\t\t\t<\/div>\n\t\t\t\t<div class=\"elementor-element elementor-element-3e8b20c elementor-widget elementor-widget-text-editor\" data-id=\"3e8b20c\" data-element_type=\"widget\" data-e-type=\"widget\" data-widget_type=\"text-editor.default\">\n\t\t\t\t<div class=\"elementor-widget-container\">\n\t\t\t\t\t\t\t\t\t<p>Preis auf Anfrage<\/p><p><em>Ohne MwSt. | Zuz\u00fcglich Versandkosten<\/em><\/p>\t\t\t\t\t\t\t\t<\/div>\n\t\t\t\t<\/div>\n\t\t\t\t\t<\/div>\n\t\t<\/div>\n\t\t\t\t\t<\/div>\n\t\t<\/section>\n\t\t\t\t<section class=\"elementor-section elementor-top-section elementor-element elementor-element-b4cb5b4 elementor-section-boxed elementor-section-height-default elementor-section-height-default\" data-id=\"b4cb5b4\" data-element_type=\"section\" data-e-type=\"section\">\n\t\t\t\t\t\t<div class=\"elementor-container elementor-column-gap-default\">\n\t\t\t\t\t<div class=\"elementor-column elementor-col-100 elementor-top-column elementor-element elementor-element-e211661\" data-id=\"e211661\" data-element_type=\"column\" data-e-type=\"column\">\n\t\t\t<div class=\"elementor-widget-wrap elementor-element-populated\">\n\t\t\t\t\t\t<div class=\"elementor-element elementor-element-37c2e2c elementor-widget-divider--view-line_text elementor-widget-divider--element-align-center elementor-widget elementor-widget-divider\" data-id=\"37c2e2c\" data-element_type=\"widget\" data-e-type=\"widget\" data-widget_type=\"divider.default\">\n\t\t\t\t<div class=\"elementor-widget-container\">\n\t\t\t\t\t\t\t<div class=\"elementor-divider\">\n\t\t\t<span class=\"elementor-divider-separator\">\n\t\t\t\t\t\t\t<span class=\"elementor-divider__text elementor-divider__element\">\n\t\t\t\tD\u00dcSEN\t\t\t\t<\/span>\n\t\t\t\t\t\t<\/span>\n\t\t<\/div>\n\t\t\t\t\t\t<\/div>\n\t\t\t\t<\/div>\n\t\t\t\t\t<\/div>\n\t\t<\/div>\n\t\t\t\t\t<\/div>\n\t\t<\/section>\n\t\t\t\t<section class=\"elementor-section elementor-top-section elementor-element elementor-element-959a9e7 elementor-section-boxed elementor-section-height-default elementor-section-height-default\" data-id=\"959a9e7\" data-element_type=\"section\" data-e-type=\"section\">\n\t\t\t\t\t\t<div class=\"elementor-container elementor-column-gap-default\">\n\t\t\t\t\t<div class=\"elementor-column elementor-col-50 elementor-top-column elementor-element elementor-element-566e4fe\" data-id=\"566e4fe\" data-element_type=\"column\" data-e-type=\"column\">\n\t\t\t<div class=\"elementor-widget-wrap elementor-element-populated\">\n\t\t\t\t\t\t<div class=\"elementor-element elementor-element-a88e18d elementor-widget elementor-widget-image\" data-id=\"a88e18d\" data-element_type=\"widget\" data-e-type=\"widget\" data-widget_type=\"image.default\">\n\t\t\t\t<div class=\"elementor-widget-container\">\n\t\t\t\t\t\t\t\t\t\t\t\t\t\t\t\t<a href=\"https:\/\/www.s-senginering.nl\/wp-content\/uploads\/2021\/05\/spuitkop-standaard-voor-zand.jpeg\" data-elementor-open-lightbox=\"yes\" data-e-action-hash=\"#elementor-action%3Aaction%3Dlightbox%26settings%3DeyJpZCI6ODg0LCJ1cmwiOiJodHRwczpcL1wvd3d3LnMtc2VuZ2luZXJpbmcubmxcL3dwLWNvbnRlbnRcL3VwbG9hZHNcLzIwMjFcLzA1XC9zcHVpdGtvcC1zdGFuZGFhcmQtdm9vci16YW5kLmpwZWcifQ%3D%3D\">\n\t\t\t\t\t\t\t<img decoding=\"async\" width=\"480\" height=\"640\" src=\"https:\/\/www.s-senginering.nl\/wp-content\/uploads\/2021\/05\/spuitkop-standaard-voor-zand.jpeg\" class=\"attachment-full size-full wp-image-884\" alt=\"\" srcset=\"https:\/\/www.s-senginering.nl\/wp-content\/uploads\/2021\/05\/spuitkop-standaard-voor-zand.jpeg 480w, https:\/\/www.s-senginering.nl\/wp-content\/uploads\/2021\/05\/spuitkop-standaard-voor-zand-225x300.jpeg 225w\" sizes=\"(max-width: 480px) 100vw, 480px\" \/>\t\t\t\t\t\t\t\t<\/a>\n\t\t\t\t\t\t\t\t\t\t\t\t\t\t\t<\/div>\n\t\t\t\t<\/div>\n\t\t\t\t<div class=\"elementor-element elementor-element-57f1355 elementor-widget elementor-widget-heading\" data-id=\"57f1355\" data-element_type=\"widget\" data-e-type=\"widget\" data-widget_type=\"heading.default\">\n\t\t\t\t<div class=\"elementor-widget-container\">\n\t\t\t\t\t<h2 class=\"elementor-heading-title elementor-size-default\">D\u00fcse 12\u00d72 + 1\u00d73<\/h2>\t\t\t\t<\/div>\n\t\t\t\t<\/div>\n\t\t\t\t<div class=\"elementor-element elementor-element-a3bb8ab elementor-widget elementor-widget-text-editor\" data-id=\"a3bb8ab\" data-element_type=\"widget\" data-e-type=\"widget\" data-widget_type=\"text-editor.default\">\n\t\t\t\t<div class=\"elementor-widget-container\">\n\t\t\t\t\t\t\t\t\t<p>Preis auf Anfrage<\/p><p><em>Ohne MwSt. | Versandkosten inklusive<\/em><\/p>\t\t\t\t\t\t\t\t<\/div>\n\t\t\t\t<\/div>\n\t\t\t\t\t<\/div>\n\t\t<\/div>\n\t\t\t\t<div class=\"elementor-column elementor-col-50 elementor-top-column elementor-element elementor-element-bc6d089\" data-id=\"bc6d089\" data-element_type=\"column\" data-e-type=\"column\">\n\t\t\t<div class=\"elementor-widget-wrap elementor-element-populated\">\n\t\t\t\t\t\t<div class=\"elementor-element elementor-element-23dd827 elementor-widget elementor-widget-image\" data-id=\"23dd827\" data-element_type=\"widget\" data-e-type=\"widget\" data-widget_type=\"image.default\">\n\t\t\t\t<div class=\"elementor-widget-container\">\n\t\t\t\t\t\t\t\t\t\t\t\t\t\t\t\t<a href=\"https:\/\/www.s-senginering.nl\/wp-content\/uploads\/2021\/05\/spuitkop-standaard-voor-klei.jpeg\" data-elementor-open-lightbox=\"yes\" data-e-action-hash=\"#elementor-action%3Aaction%3Dlightbox%26settings%3DeyJpZCI6ODgxLCJ1cmwiOiJodHRwczpcL1wvd3d3LnMtc2VuZ2luZXJpbmcubmxcL3dwLWNvbnRlbnRcL3VwbG9hZHNcLzIwMjFcLzA1XC9zcHVpdGtvcC1zdGFuZGFhcmQtdm9vci1rbGVpLmpwZWcifQ%3D%3D\">\n\t\t\t\t\t\t\t<img loading=\"lazy\" decoding=\"async\" width=\"480\" height=\"640\" src=\"https:\/\/www.s-senginering.nl\/wp-content\/uploads\/2021\/05\/spuitkop-standaard-voor-klei.jpeg\" class=\"attachment-full size-full wp-image-881\" alt=\"\" srcset=\"https:\/\/www.s-senginering.nl\/wp-content\/uploads\/2021\/05\/spuitkop-standaard-voor-klei.jpeg 480w, https:\/\/www.s-senginering.nl\/wp-content\/uploads\/2021\/05\/spuitkop-standaard-voor-klei-225x300.jpeg 225w\" sizes=\"(max-width: 480px) 100vw, 480px\" \/>\t\t\t\t\t\t\t\t<\/a>\n\t\t\t\t\t\t\t\t\t\t\t\t\t\t\t<\/div>\n\t\t\t\t<\/div>\n\t\t\t\t<div class=\"elementor-element elementor-element-4c2a79a elementor-widget elementor-widget-heading\" data-id=\"4c2a79a\" data-element_type=\"widget\" data-e-type=\"widget\" data-widget_type=\"heading.default\">\n\t\t\t\t<div class=\"elementor-widget-container\">\n\t\t\t\t\t<h2 class=\"elementor-heading-title elementor-size-default\">D\u00fcse 6\u00d73 + 1\u00d73<\/h2>\t\t\t\t<\/div>\n\t\t\t\t<\/div>\n\t\t\t\t<div class=\"elementor-element elementor-element-92a57df elementor-widget elementor-widget-text-editor\" data-id=\"92a57df\" data-element_type=\"widget\" data-e-type=\"widget\" data-widget_type=\"text-editor.default\">\n\t\t\t\t<div class=\"elementor-widget-container\">\n\t\t\t\t\t\t\t\t\t<p>Preis auf Anfrage<\/p><p><em>Ohne MwSt. | Versandkosten inklusive<\/em><\/p>\t\t\t\t\t\t\t\t<\/div>\n\t\t\t\t<\/div>\n\t\t\t\t\t<\/div>\n\t\t<\/div>\n\t\t\t\t\t<\/div>\n\t\t<\/section>\n\t\t\t\t<section class=\"elementor-section elementor-top-section elementor-element elementor-element-a14f9bd elementor-section-boxed elementor-section-height-default elementor-section-height-default\" data-id=\"a14f9bd\" data-element_type=\"section\" data-e-type=\"section\">\n\t\t\t\t\t\t<div class=\"elementor-container elementor-column-gap-default\">\n\t\t\t\t\t<div class=\"elementor-column elementor-col-100 elementor-top-column elementor-element elementor-element-35fadb3\" data-id=\"35fadb3\" data-element_type=\"column\" data-e-type=\"column\">\n\t\t\t<div class=\"elementor-widget-wrap elementor-element-populated\">\n\t\t\t\t\t\t<div class=\"elementor-element elementor-element-7fffa3d elementor-widget-divider--view-line_text elementor-widget-divider--element-align-center elementor-widget elementor-widget-divider\" data-id=\"7fffa3d\" data-element_type=\"widget\" data-e-type=\"widget\" data-widget_type=\"divider.default\">\n\t\t\t\t<div class=\"elementor-widget-container\">\n\t\t\t\t\t\t\t<div class=\"elementor-divider\">\n\t\t\t<span class=\"elementor-divider-separator\">\n\t\t\t\t\t\t\t<span class=\"elementor-divider__text elementor-divider__element\">\n\t\t\t\tREINIGUNGSSCHLAUCH\t\t\t\t<\/span>\n\t\t\t\t\t\t<\/span>\n\t\t<\/div>\n\t\t\t\t\t\t<\/div>\n\t\t\t\t<\/div>\n\t\t\t\t\t<\/div>\n\t\t<\/div>\n\t\t\t\t\t<\/div>\n\t\t<\/section>\n\t\t\t\t<section class=\"elementor-section elementor-top-section elementor-element elementor-element-27c8582 elementor-section-boxed elementor-section-height-default elementor-section-height-default\" data-id=\"27c8582\" data-element_type=\"section\" data-e-type=\"section\">\n\t\t\t\t\t\t<div class=\"elementor-container elementor-column-gap-default\">\n\t\t\t\t\t<div class=\"elementor-column elementor-col-50 elementor-top-column elementor-element elementor-element-ab9f907\" data-id=\"ab9f907\" data-element_type=\"column\" data-e-type=\"column\">\n\t\t\t<div class=\"elementor-widget-wrap elementor-element-populated\">\n\t\t\t\t\t\t<div class=\"elementor-element elementor-element-7521cb1 elementor-widget elementor-widget-image\" data-id=\"7521cb1\" data-element_type=\"widget\" data-e-type=\"widget\" data-widget_type=\"image.default\">\n\t\t\t\t<div class=\"elementor-widget-container\">\n\t\t\t\t\t\t\t\t\t\t\t\t\t\t\t\t<a href=\"https:\/\/www.s-senginering.nl\/wp-content\/uploads\/2021\/05\/IMG_4847-e1620220326552.jpeg\" data-elementor-open-lightbox=\"yes\" data-e-action-hash=\"#elementor-action%3Aaction%3Dlightbox%26settings%3DeyJpZCI6ODcyLCJ1cmwiOiJodHRwczpcL1wvd3d3LnMtc2VuZ2luZXJpbmcubmxcL3dwLWNvbnRlbnRcL3VwbG9hZHNcLzIwMjFcLzA1XC9JTUdfNDg0Ny1lMTYyMDIyMDMyNjU1Mi5qcGVnIn0%3D\">\n\t\t\t\t\t\t\t<img loading=\"lazy\" decoding=\"async\" width=\"480\" height=\"640\" src=\"https:\/\/www.s-senginering.nl\/wp-content\/uploads\/2021\/05\/IMG_4847-e1620220326552.jpeg\" class=\"attachment-full size-full wp-image-872\" alt=\"\" \/>\t\t\t\t\t\t\t\t<\/a>\n\t\t\t\t\t\t\t\t\t\t\t\t\t\t\t<\/div>\n\t\t\t\t<\/div>\n\t\t\t\t\t<\/div>\n\t\t<\/div>\n\t\t\t\t<div class=\"elementor-column elementor-col-50 elementor-top-column elementor-element elementor-element-ed09a4d\" data-id=\"ed09a4d\" data-element_type=\"column\" data-e-type=\"column\">\n\t\t\t<div class=\"elementor-widget-wrap elementor-element-populated\">\n\t\t\t\t\t\t<div class=\"elementor-element elementor-element-3246646 elementor-widget elementor-widget-heading\" data-id=\"3246646\" data-element_type=\"widget\" data-e-type=\"widget\" data-widget_type=\"heading.default\">\n\t\t\t\t<div class=\"elementor-widget-container\">\n\t\t\t\t\t<h2 class=\"elementor-heading-title elementor-size-default\">Reinigungsschlauch 27\u00d73,3 weniger zerbrechlicher Schlauch, 4% mehr Durchgang als 3,5 mm Wandst\u00e4rke<\/h2>\t\t\t\t<\/div>\n\t\t\t\t<\/div>\n\t\t\t\t<div class=\"elementor-element elementor-element-14d0c19 elementor-widget elementor-widget-text-editor\" data-id=\"14d0c19\" data-element_type=\"widget\" data-e-type=\"widget\" data-widget_type=\"text-editor.default\">\n\t\t\t\t<div class=\"elementor-widget-container\">\n\t\t\t\t\t\t\t\t\t<p>Preis auf Anfrage<\/p><p>L\u00e4ngen von 100, 200, 300, 400, 500, 600, 700 Metern.<\/p><p>Spezial 5\/8 HD Schlauch Betriebsdruck 80bar &#8211; Preis auf Anfrage<\/p><p>Spezial \u00bd HD Schlauch Betriebsdruck 80bar &#8211; Preis auf Anfrage<\/p><p><em>Ohne MwSt. | Gelegentlich geliefert oder Versandkosten<\/em><\/p>\t\t\t\t\t\t\t\t<\/div>\n\t\t\t\t<\/div>\n\t\t\t\t\t<\/div>\n\t\t<\/div>\n\t\t\t\t\t<\/div>\n\t\t<\/section>\n\t\t\t\t<\/div>\n\t\t","protected":false},"excerpt":{"rendered":"<p>PUMPS Pumpe BHS 200 Preis auf Anfrage Ohne MwSt. | Zuz\u00fcglich Versandkosten Pumpe BHS 150 Preis auf Anfrage Ohne MwSt. | Zuz\u00fcglich Versandkosten D\u00dcSEN D\u00fcse 12\u00d72 + 1\u00d73 Preis auf Anfrage Ohne MwSt. | Versandkosten inklusive D\u00fcse 6\u00d73 + 1\u00d73 Preis auf Anfrage Ohne MwSt. | Versandkosten inklusive REINIGUNGSSCHLAUCH Reinigungsschlauch 27\u00d73,3 weniger zerbrechlicher Schlauch, 4% [&hellip;]<\/p>\n","protected":false},"author":1,"featured_media":895,"parent":0,"menu_order":1,"comment_status":"closed","ping_status":"closed","template":"","meta":{"footnotes":""},"class_list":["post-1896","page","type-page","status-publish","has-post-thumbnail","hentry"],"_links":{"self":[{"href":"https:\/\/www.s-senginering.nl\/de\/wp-json\/wp\/v2\/pages\/1896","targetHints":{"allow":["GET"]}}],"collection":[{"href":"https:\/\/www.s-senginering.nl\/de\/wp-json\/wp\/v2\/pages"}],"about":[{"href":"https:\/\/www.s-senginering.nl\/de\/wp-json\/wp\/v2\/types\/page"}],"author":[{"embeddable":true,"href":"https:\/\/www.s-senginering.nl\/de\/wp-json\/wp\/v2\/users\/1"}],"replies":[{"embeddable":true,"href":"https:\/\/www.s-senginering.nl\/de\/wp-json\/wp\/v2\/comments?post=1896"}],"version-history":[{"count":5,"href":"https:\/\/www.s-senginering.nl\/de\/wp-json\/wp\/v2\/pages\/1896\/revisions"}],"predecessor-version":[{"id":2501,"href":"https:\/\/www.s-senginering.nl\/de\/wp-json\/wp\/v2\/pages\/1896\/revisions\/2501"}],"wp:featuredmedia":[{"embeddable":true,"href":"https:\/\/www.s-senginering.nl\/de\/wp-json\/wp\/v2\/media\/895"}],"wp:attachment":[{"href":"https:\/\/www.s-senginering.nl\/de\/wp-json\/wp\/v2\/media?parent=1896"}],"curies":[{"name":"wp","href":"https:\/\/api.w.org\/{rel}","templated":true}]}}