{"id":1880,"date":"2021-04-13T08:57:59","date_gmt":"2021-04-13T08:57:59","guid":{"rendered":"https:\/\/www.s-senginering.nl\/datenschutzerklaerung\/"},"modified":"2021-06-16T21:54:15","modified_gmt":"2021-06-16T21:54:15","slug":"datenschutzerklaerung","status":"publish","type":"page","link":"https:\/\/www.s-senginering.nl\/de\/datenschutzerklaerung\/","title":{"rendered":"Datenschutzerkl\u00e4rung"},"content":{"rendered":"\t\t<div data-elementor-type=\"wp-page\" data-elementor-id=\"1880\" class=\"elementor elementor-1880 elementor-491\" data-elementor-post-type=\"page\">\n\t\t\t\t\t\t<section class=\"elementor-section elementor-top-section elementor-element elementor-element-d90bcf0 elementor-section-boxed elementor-section-height-default elementor-section-height-default\" data-id=\"d90bcf0\" data-element_type=\"section\" data-e-type=\"section\">\n\t\t\t\t\t\t<div class=\"elementor-container elementor-column-gap-default\">\n\t\t\t\t\t<div class=\"elementor-column elementor-col-100 elementor-top-column elementor-element elementor-element-fc6afe0\" data-id=\"fc6afe0\" data-element_type=\"column\" data-e-type=\"column\">\n\t\t\t<div class=\"elementor-widget-wrap elementor-element-populated\">\n\t\t\t\t\t\t<div class=\"elementor-element elementor-element-f86b8ab elementor-widget elementor-widget-text-editor\" data-id=\"f86b8ab\" data-element_type=\"widget\" data-e-type=\"widget\" data-widget_type=\"text-editor.default\">\n\t\t\t\t<div class=\"elementor-widget-container\">\n\t\t\t\t\t\t\t\t\t<h3>Ihre Privatsph\u00e4re<\/h3>\n<p>S-S Enginering BV legt gro\u00dfen Wert auf den richtigen Umgang mit personenbezogenen Daten. Aus diesem Grund m\u00f6chten wir Sie in dieser Datenschutzerkl\u00e4rung klar und transparent dar\u00fcber informieren, wie S-S Engineering BV personenbezogene Daten von Beziehungen verarbeitet, einschlie\u00dflich Interessenten, Kunden, Lieferanten, Besucher unserer Website und sozialer Medien. Selbstverst\u00e4ndlich werden diese personenbezogenen Daten mit gr\u00f6\u00dftm\u00f6glicher Sorgfalt behandelt und gesichert. Dabei h\u00e4lt sich S-S Engineering BV an die Datenschutz-Grundverordnung (DSGVO) und das AVG-Umsetzungsgesetz.<\/p>\n<p><strong>Dies bedeutet, dass wir:<\/strong><\/p>\n<ul>\n<li>klar angeben \u2013 \u00fcber diese Datenschutzerkl\u00e4rung \u2013 die Zwecke, f\u00fcr die wir personenbezogene Daten verarbeiten;<\/li>\n<li>unsere Erhebung personenbezogener Daten auf die f\u00fcr diese Zwecke erforderlichen personenbezogenen Daten beschr\u00e4nken;<\/li>\n<li>Ihre personenbezogenen Daten verarbeiten, um unsere Gesch\u00e4ftst\u00e4tigkeiten auszuf\u00fchren und Ihre Zustimmung einzuholen, wenn diese Zustimmung erforderlich ist; <\/li>\n<li>angemessene Sicherheitsma\u00dfnahmen zum Schutz Ihrer personenbezogenen Daten ergreifen und dies auch von Parteien verlangen, die personenbezogene Daten in unserem Auftrag verarbeiten;<\/li>\n<\/ul>\n<h3>Ihre Datenschutzrechte<\/h3>\n<p>Sie haben das Recht, Ihre personenbezogenen Daten einzusehen (Art. 15 DSGVO) und die Berichtigung oder L\u00f6schung Ihrer personenbezogenen Daten zu verlangen (Art. 16 und 17 DSGVO). Sie k\u00f6nnen der Verwendung Ihrer Daten auch widersprechen.<\/p>\n<h3>Wof\u00fcr verarbeiten wir Ihre personenbezogenen Daten?<\/h3>\n<p>Es gibt verschiedene Zwecke, f\u00fcr die S-S Engineering BV Ihre personenbezogenen Daten erhebt und verarbeitet. Im Rahmen ihrer Vereinbarungen mit Beziehungen erhebt und verarbeitet S-S Engineering BV zu diesem Zweck Kontaktdaten, einschlie\u00dflich Ihres Namens, Ihrer Position, Ihrer gesch\u00e4ftlichen und\/oder beruflichen Interessen, Ihrer (gesch\u00e4ftlichen) Mobiltelefonnummer und (gesch\u00e4ftlichen) E-Mail-Adresse:<\/p>\n<ul>\n<li>Wenn Sie ein (potenzieller) Kunde von uns sind, verwenden wir Ihre Daten, um Ihnen ein Angebot zu unterbreiten, um festzustellen, welche Spezifikationen oder W\u00fcnsche ein bestimmter Artikel oder eine bestimmte Dienstleistung erf\u00fcllen muss, um Artikel liefern zu k\u00f6nnen oder um Arbeiten f\u00fcr um mit Ihnen die Umsetzungsaspekte der Vereinbarung schnell und effizient durchf\u00fchren, abrechnen und mit Ihnen kommunizieren zu k\u00f6nnen.<\/li>\n<li>Wenn Sie (potenzieller) Lieferant oder sonstiger Auftragnehmer sind, sind Ihre personenbezogenen Daten auch f\u00fcr den Abschluss und die Durchf\u00fchrung des Vertrages erforderlich. Dies ist beim Kauf erforderlich, um Ihnen mitteilen zu k\u00f6nnen, welche Spezifikationen oder W\u00fcnsche ein bestimmter Artikel oder eine bestimmte Dienstleistung unserer Meinung nach erf\u00fcllen sollte, um eine Angebotsanfrage senden oder eine Bestellung bei Ihnen aufgeben zu k\u00f6nnen, um Ihre Rechnungen zu bezahlen und mit Ihnen reibungslos und effizient \u00fcber andere Aspekte der Vereinbarung zu kommunizieren.<\/li>\n<li>F\u00fcr interne Analysen zur Prozessverbesserung, Produkt- und Serviceentwicklung und Marktforschung;<\/li>\n<li>\u2022 Um Beziehungen und seine Mitarbeiter \u00fcber unsere (neuen) Produkte und Dienstleistungen zu informieren, direkt, aber auch beispielsweise durch Social-Media-Kampagnen, wobei S-S Engineering BV versucht, Pr\u00e4ferenzen basierend auf gekauften Produkten und\/oder Dienstleistungen zu ber\u00fccksichtigen.<\/li>\n<li>Wenn Sie bei uns bestellen und\/oder liefern, speichern und verwenden wir die von Ihnen mitgeteilten personenbezogenen Daten, um Sie zuk\u00fcnftig pers\u00f6nlich telefonisch \/ per E-Mail \u00fcber unsere bestehenden und neuen Produkte und Dienstleistungen zu informieren und Ihnen ggf. ein Angebot zu unterbreiten daf\u00fcr. zu tun. Wir haben ein berechtigtes Interesse daran, Ihre personenbezogenen Daten zu diesem Zweck zu verwenden, n\u00e4mlich um unsere Produkte und Dienstleistungen zu informieren, zu bewerben und zu verkaufen.<\/li>\n<\/ul>\n<p>Sie sind nicht verpflichtet, uns Ihre personenbezogenen Daten bereitzustellen. Wenn Sie uns keine oder nur unzureichende personenbezogene Daten zur Verf\u00fcgung stellen, kann es sein, dass wir die vorgenannten T\u00e4tigkeiten nicht durchf\u00fchren k\u00f6nnen.<\/p>\n<h3>Aufbewahrungsfrist<\/h3>\n<p>Unsere Kunden sind Kunden f\u00fcrs Leben. Wir bewahren Ihre Daten daher so lange auf, wie Sie Kunde bei uns sind und l\u00f6schen Ihre Daten nur, wenn Sie dies w\u00fcnschen oder wenn es f\u00fcr unsere Dienstleistungen nicht mehr erforderlich ist, die entsprechenden Daten zu speichern.<\/p>\n<h3>Weitergabe personenbezogener Daten an Dritte<\/h3>\n<p>Wir geben Ihre Daten nur dann an Dritte weiter, wenn dies f\u00fcr die Durchf\u00fchrung eines Produkts oder einer Dienstleistung mit Ihnen oder Ihrem Unternehmen erforderlich ist. Diese Dritten (Partner \/ H\u00e4ndler) werden verwendet, um Ihre Rechte zu sch\u00fctzen. Unsere Website enth\u00e4lt Messger\u00e4te anderer Anbieter, wie zum Beispiel Cookies von Google Analytics. Die Daten werden automatisch an dieses Unternehmen weitergegeben und wir tun dies, um zu verfolgen, wie Besucher unsere Website nutzen. Dieses Wissen nutzen wir, um unsere Website f\u00fcr unsere Besucher zu optimieren. Wir nutzen auch Microsoft Office und die damit verbundenen Speicherm\u00f6glichkeiten f\u00fcr E-Mails und andere Dateien.<\/p>\n<h3>Ver\u00f6ffentlichung<\/h3>\n<p>Wir behandeln Ihre Daten vertraulich und ver\u00f6ffentlichen sie nicht.<\/p>\n<h3>Sicherheit<\/h3>\n<p>Um den Zugriff unberechtigter Personen auf Ihre personenbezogenen Daten zu verhindern, setzt S-S Engineering BV technische und organisatorische Sicherheitsverfahren ein. Diese Verfahren gew\u00e4hrleisten im Hinblick auf die Verarbeitungsarten und die Art der zu sch\u00fctzenden personenbezogenen Daten ein angemessenes Sicherheitsniveau.<\/p>\n<h3>\u00c4nderungen an dieser Datenschutzerkl\u00e4rung<\/h3>\n<p>S-S Engineering BV beh\u00e4lt sich das Recht vor, \u00c4nderungen an der Datenschutzerkl\u00e4rung vorzunehmen. \u00dcberpr\u00fcfen Sie daher regelm\u00e4\u00dfig die Datenschutzerkl\u00e4rung auf ein Update. Bei Fragen zu unseren Datenschutzbestimmungen wenden Sie sich bitte an: S-S Enginering BV Seerob 25 9051VA Stiens oder per E-Mail: s-steenbeek@zonnet.nl.<\/p><\/p>\n\t\t\t\t\t\t\t\t<\/div>\n\t\t\t\t<\/div>\n\t\t\t\t\t<\/div>\n\t\t<\/div>\n\t\t\t\t\t<\/div>\n\t\t<\/section>\n\t\t\t\t<\/div>\n\t\t","protected":false},"excerpt":{"rendered":"<p>Ihre Privatsph\u00e4re S-S Enginering BV legt gro\u00dfen Wert auf den richtigen Umgang mit personenbezogenen Daten. Aus diesem Grund m\u00f6chten wir Sie in dieser Datenschutzerkl\u00e4rung klar und transparent dar\u00fcber informieren, wie S-S Engineering BV personenbezogene Daten von Beziehungen verarbeitet, einschlie\u00dflich Interessenten, Kunden, Lieferanten, Besucher unserer Website und sozialer Medien. Selbstverst\u00e4ndlich werden diese personenbezogenen Daten mit gr\u00f6\u00dftm\u00f6glicher [&hellip;]<\/p>\n","protected":false},"author":1,"featured_media":649,"parent":0,"menu_order":0,"comment_status":"closed","ping_status":"closed","template":"","meta":{"footnotes":""},"class_list":["post-1880","page","type-page","status-publish","has-post-thumbnail","hentry"],"_links":{"self":[{"href":"https:\/\/www.s-senginering.nl\/de\/wp-json\/wp\/v2\/pages\/1880","targetHints":{"allow":["GET"]}}],"collection":[{"href":"https:\/\/www.s-senginering.nl\/de\/wp-json\/wp\/v2\/pages"}],"about":[{"href":"https:\/\/www.s-senginering.nl\/de\/wp-json\/wp\/v2\/types\/page"}],"author":[{"embeddable":true,"href":"https:\/\/www.s-senginering.nl\/de\/wp-json\/wp\/v2\/users\/1"}],"replies":[{"embeddable":true,"href":"https:\/\/www.s-senginering.nl\/de\/wp-json\/wp\/v2\/comments?post=1880"}],"version-history":[{"count":3,"href":"https:\/\/www.s-senginering.nl\/de\/wp-json\/wp\/v2\/pages\/1880\/revisions"}],"predecessor-version":[{"id":1883,"href":"https:\/\/www.s-senginering.nl\/de\/wp-json\/wp\/v2\/pages\/1880\/revisions\/1883"}],"wp:featuredmedia":[{"embeddable":true,"href":"https:\/\/www.s-senginering.nl\/de\/wp-json\/wp\/v2\/media\/649"}],"wp:attachment":[{"href":"https:\/\/www.s-senginering.nl\/de\/wp-json\/wp\/v2\/media?parent=1880"}],"curies":[{"name":"wp","href":"https:\/\/api.w.org\/{rel}","templated":true}]}}