{"id":1874,"date":"2021-03-31T09:48:32","date_gmt":"2021-03-31T09:48:32","guid":{"rendered":"https:\/\/www.s-senginering.nl\/ueber-uns\/"},"modified":"2021-06-21T12:26:59","modified_gmt":"2021-06-21T12:26:59","slug":"ueber-uns","status":"publish","type":"page","link":"https:\/\/www.s-senginering.nl\/de\/ueber-uns\/","title":{"rendered":"\u00dcber uns"},"content":{"rendered":"\t\t<div data-elementor-type=\"wp-page\" data-elementor-id=\"1874\" class=\"elementor elementor-1874 elementor-46\" data-elementor-post-type=\"page\">\n\t\t\t\t\t\t<section class=\"elementor-section elementor-top-section elementor-element elementor-element-b03518f elementor-section-boxed elementor-section-height-default elementor-section-height-default\" data-id=\"b03518f\" data-element_type=\"section\" data-e-type=\"section\">\n\t\t\t\t\t\t<div class=\"elementor-container elementor-column-gap-default\">\n\t\t\t\t\t<div class=\"elementor-column elementor-col-100 elementor-top-column elementor-element elementor-element-0ea496e\" data-id=\"0ea496e\" data-element_type=\"column\" data-e-type=\"column\">\n\t\t\t<div class=\"elementor-widget-wrap elementor-element-populated\">\n\t\t\t\t\t\t<div class=\"elementor-element elementor-element-c161b5b elementor-widget elementor-widget-text-editor\" data-id=\"c161b5b\" data-element_type=\"widget\" data-e-type=\"widget\" data-widget_type=\"text-editor.default\">\n\t\t\t\t<div class=\"elementor-widget-container\">\n\t\t\t\t\t\t\t\t\t<p><img decoding=\"async\" class=\"alignright wp-image-112 size-medium\" src=\"https:\/\/www.s-senginering.nl\/wp-content\/uploads\/2021\/03\/logo-s-s-enginering-300x107.png\" alt=\"Logo S-S Engineering\" width=\"300\" height=\"107\" data-wp-editing=\"1\" srcset=\"https:\/\/www.s-senginering.nl\/wp-content\/uploads\/2021\/03\/logo-s-s-enginering-300x107.png 300w, https:\/\/www.s-senginering.nl\/wp-content\/uploads\/2021\/03\/logo-s-s-enginering-768x275.png 768w, https:\/\/www.s-senginering.nl\/wp-content\/uploads\/2021\/03\/logo-s-s-enginering.png 869w\" sizes=\"(max-width: 300px) 100vw, 300px\" \/>S-S Enginering BV wurde im Jahr 2000 gegr\u00fcndet und entwickelt und produziert ausschlie\u00dflich PROFESSIONELLE DR\u00c4NAGEREINIGER und INDUSTRIEREINIGER, die weltweit vertrieben werden.<\/p>\n<p>Der Inhaber hat seit 1978 Erfahrung in der Entwicklung von Abflussreinigern.<\/p>\n<p>Das Unternehmen ist Marktf\u00fchrer in der Entwicklung von professionellen Kanalreinigungsmaschinen und Zubeh\u00f6r.<\/p>\n<h3>Information<\/h3>\n<p>Weitere Informationen zu unseren Maschinen finden Sie in unserer<a href=\"https:\/\/www.s-senginering.nl\/de\/flugblaetter\/\"> Flugbl\u00e4tter<\/a> herunterladen.<\/p>\n<p>Oder kontaktieren Sie uns unverbindlich \u00fcber das Kontaktformular unter Angabe Ihrer Telefonnummer oder telefonisch unter 0031 6 54 20 20 54<\/p>\n\t\t\t\t\t\t\t\t<\/div>\n\t\t\t\t<\/div>\n\t\t\t\t<div class=\"elementor-element elementor-element-ae4217d elementor-widget elementor-widget-image\" data-id=\"ae4217d\" data-element_type=\"widget\" data-e-type=\"widget\" data-widget_type=\"image.default\">\n\t\t\t\t<div class=\"elementor-widget-container\">\n\t\t\t\t\t\t\t\t\t\t\t\t\t\t\t\t<a href=\"https:\/\/www.s-senginering.nl\/wp-content\/uploads\/2021\/05\/s-s-enginering-bv-locatie-pand-voorkant-web.jpg\" data-elementor-open-lightbox=\"yes\" data-e-action-hash=\"#elementor-action%3Aaction%3Dlightbox%26settings%3DeyJpZCI6NjQ5LCJ1cmwiOiJodHRwczpcL1wvd3d3LnMtc2VuZ2luZXJpbmcubmxcL3dwLWNvbnRlbnRcL3VwbG9hZHNcLzIwMjFcLzA1XC9zLXMtZW5naW5lcmluZy1idi1sb2NhdGllLXBhbmQtdm9vcmthbnQtd2ViLmpwZyJ9\">\n\t\t\t\t\t\t\t<img fetchpriority=\"high\" decoding=\"async\" width=\"1920\" height=\"1276\" src=\"https:\/\/www.s-senginering.nl\/wp-content\/uploads\/2021\/05\/s-s-enginering-bv-locatie-pand-voorkant-web.jpg\" class=\"attachment-full size-full wp-image-649\" alt=\"\" srcset=\"https:\/\/www.s-senginering.nl\/wp-content\/uploads\/2021\/05\/s-s-enginering-bv-locatie-pand-voorkant-web.jpg 1920w, https:\/\/www.s-senginering.nl\/wp-content\/uploads\/2021\/05\/s-s-enginering-bv-locatie-pand-voorkant-web-300x199.jpg 300w, https:\/\/www.s-senginering.nl\/wp-content\/uploads\/2021\/05\/s-s-enginering-bv-locatie-pand-voorkant-web-1024x681.jpg 1024w, https:\/\/www.s-senginering.nl\/wp-content\/uploads\/2021\/05\/s-s-enginering-bv-locatie-pand-voorkant-web-768x510.jpg 768w, https:\/\/www.s-senginering.nl\/wp-content\/uploads\/2021\/05\/s-s-enginering-bv-locatie-pand-voorkant-web-1536x1021.jpg 1536w\" sizes=\"(max-width: 1920px) 100vw, 1920px\" \/>\t\t\t\t\t\t\t\t<\/a>\n\t\t\t\t\t\t\t\t\t\t\t\t\t\t\t<\/div>\n\t\t\t\t<\/div>\n\t\t\t\t\t<\/div>\n\t\t<\/div>\n\t\t\t\t\t<\/div>\n\t\t<\/section>\n\t\t\t\t<\/div>\n\t\t","protected":false},"excerpt":{"rendered":"<p>S-S Enginering BV wurde im Jahr 2000 gegr\u00fcndet und entwickelt und produziert ausschlie\u00dflich PROFESSIONELLE DR\u00c4NAGEREINIGER und INDUSTRIEREINIGER, die weltweit vertrieben werden. Der Inhaber hat seit 1978 Erfahrung in der Entwicklung von Abflussreinigern. Das Unternehmen ist Marktf\u00fchrer in der Entwicklung von professionellen Kanalreinigungsmaschinen und Zubeh\u00f6r. Information Weitere Informationen zu unseren Maschinen finden Sie in unserer Flugbl\u00e4tter [&hellip;]<\/p>\n","protected":false},"author":1,"featured_media":649,"parent":0,"menu_order":0,"comment_status":"closed","ping_status":"closed","template":"","meta":{"footnotes":""},"class_list":["post-1874","page","type-page","status-publish","has-post-thumbnail","hentry"],"_links":{"self":[{"href":"https:\/\/www.s-senginering.nl\/de\/wp-json\/wp\/v2\/pages\/1874","targetHints":{"allow":["GET"]}}],"collection":[{"href":"https:\/\/www.s-senginering.nl\/de\/wp-json\/wp\/v2\/pages"}],"about":[{"href":"https:\/\/www.s-senginering.nl\/de\/wp-json\/wp\/v2\/types\/page"}],"author":[{"embeddable":true,"href":"https:\/\/www.s-senginering.nl\/de\/wp-json\/wp\/v2\/users\/1"}],"replies":[{"embeddable":true,"href":"https:\/\/www.s-senginering.nl\/de\/wp-json\/wp\/v2\/comments?post=1874"}],"version-history":[{"count":2,"href":"https:\/\/www.s-senginering.nl\/de\/wp-json\/wp\/v2\/pages\/1874\/revisions"}],"predecessor-version":[{"id":2248,"href":"https:\/\/www.s-senginering.nl\/de\/wp-json\/wp\/v2\/pages\/1874\/revisions\/2248"}],"wp:featuredmedia":[{"embeddable":true,"href":"https:\/\/www.s-senginering.nl\/de\/wp-json\/wp\/v2\/media\/649"}],"wp:attachment":[{"href":"https:\/\/www.s-senginering.nl\/de\/wp-json\/wp\/v2\/media?parent=1874"}],"curies":[{"name":"wp","href":"https:\/\/api.w.org\/{rel}","templated":true}]}}