{"id":1830,"date":"2021-05-05T18:07:16","date_gmt":"2021-05-05T18:07:16","guid":{"rendered":"https:\/\/www.s-senginering.nl\/hochdruck-abflussreiniger-md-50-duo\/"},"modified":"2021-06-21T12:42:25","modified_gmt":"2021-06-21T12:42:25","slug":"hochdruck-abflussreiniger-md-50-duo","status":"publish","type":"page","link":"https:\/\/www.s-senginering.nl\/de\/hochdruck-abflussreiniger-md-50-duo\/","title":{"rendered":"Hochdruck-Dr\u00e4nagereiniger MD 50 DUO"},"content":{"rendered":"\t\t<div data-elementor-type=\"wp-page\" data-elementor-id=\"1830\" class=\"elementor elementor-1830 elementor-1118\" data-elementor-post-type=\"page\">\n\t\t\t\t\t\t<section class=\"elementor-section elementor-top-section elementor-element elementor-element-dea384b elementor-section-boxed elementor-section-height-default elementor-section-height-default\" data-id=\"dea384b\" data-element_type=\"section\" data-e-type=\"section\">\n\t\t\t\t\t\t<div class=\"elementor-container elementor-column-gap-default\">\n\t\t\t\t\t<div class=\"elementor-column elementor-col-100 elementor-top-column elementor-element elementor-element-2dcc8fa\" data-id=\"2dcc8fa\" data-element_type=\"column\" data-e-type=\"column\">\n\t\t\t<div class=\"elementor-widget-wrap elementor-element-populated\">\n\t\t\t\t\t\t<div class=\"elementor-element elementor-element-0757c35 elementor-widget elementor-widget-text-editor\" data-id=\"0757c35\" data-element_type=\"widget\" data-e-type=\"widget\" data-widget_type=\"text-editor.default\">\n\t\t\t\t<div class=\"elementor-widget-container\">\n\t\t\t\t\t\t\t\t\t<p>Dies ist die gleiche Maschine wie die MD50, nur diese Version hat eine geteilte Trommel mit einem zus\u00e4tzlichen 100 mtr \u00bd&#8216; Schlauch. Der \u00bd-Zoll-Schlauch dient zur Reinigung von Rohren mit kleinem Durchmesser.<\/p>\n<p>zB Regenwasserableitung, alte Abflussrohre, G\u00fclleableitung in H\u00fchner- und Schweinest\u00e4llen etc<br \/>Denn ein \u00b1 40 l.\/min. hat Wasser am Spr\u00fchkopf, der Kopf zieht sich auf \u00b1 100 m in der R\u00f6hre.<\/p>\n\t\t\t\t\t\t\t\t<\/div>\n\t\t\t\t<\/div>\n\t\t\t\t\t<\/div>\n\t\t<\/div>\n\t\t\t\t\t<\/div>\n\t\t<\/section>\n\t\t\t\t<section class=\"elementor-section elementor-top-section elementor-element elementor-element-054b1e4 elementor-section-boxed elementor-section-height-default elementor-section-height-default\" data-id=\"054b1e4\" data-element_type=\"section\" data-e-type=\"section\">\n\t\t\t\t\t\t<div class=\"elementor-container elementor-column-gap-default\">\n\t\t\t\t\t<div class=\"elementor-column elementor-col-50 elementor-top-column elementor-element elementor-element-1e65966\" data-id=\"1e65966\" data-element_type=\"column\" data-e-type=\"column\">\n\t\t\t<div class=\"elementor-widget-wrap elementor-element-populated\">\n\t\t\t\t\t\t<div class=\"elementor-element elementor-element-0efb0cd elementor-widget elementor-widget-image\" data-id=\"0efb0cd\" data-element_type=\"widget\" data-e-type=\"widget\" data-widget_type=\"image.default\">\n\t\t\t\t<div class=\"elementor-widget-container\">\n\t\t\t\t\t\t\t\t\t\t\t\t\t\t\t\t<a href=\"https:\/\/www.s-senginering.nl\/wp-content\/uploads\/2021\/05\/drainage-reiniger-MD50-DUO.jpeg\" data-elementor-open-lightbox=\"yes\" data-e-action-hash=\"#elementor-action%3Aaction%3Dlightbox%26settings%3DeyJpZCI6MTEyMSwidXJsIjoiaHR0cHM6XC9cL3d3dy5zLXNlbmdpbmVyaW5nLm5sXC93cC1jb250ZW50XC91cGxvYWRzXC8yMDIxXC8wNVwvZHJhaW5hZ2UtcmVpbmlnZXItTUQ1MC1EVU8uanBlZyJ9\">\n\t\t\t\t\t\t\t<img fetchpriority=\"high\" decoding=\"async\" width=\"600\" height=\"800\" src=\"https:\/\/www.s-senginering.nl\/wp-content\/uploads\/2021\/05\/drainage-reiniger-MD50-DUO.jpeg\" class=\"attachment-full size-full wp-image-1121\" alt=\"\" srcset=\"https:\/\/www.s-senginering.nl\/wp-content\/uploads\/2021\/05\/drainage-reiniger-MD50-DUO.jpeg 600w, https:\/\/www.s-senginering.nl\/wp-content\/uploads\/2021\/05\/drainage-reiniger-MD50-DUO-225x300.jpeg 225w\" sizes=\"(max-width: 600px) 100vw, 600px\" \/>\t\t\t\t\t\t\t\t<\/a>\n\t\t\t\t\t\t\t\t\t\t\t\t\t\t\t<\/div>\n\t\t\t\t<\/div>\n\t\t\t\t\t<\/div>\n\t\t<\/div>\n\t\t\t\t<div class=\"elementor-column elementor-col-50 elementor-top-column elementor-element elementor-element-2283ac6\" data-id=\"2283ac6\" data-element_type=\"column\" data-e-type=\"column\">\n\t\t\t<div class=\"elementor-widget-wrap elementor-element-populated\">\n\t\t\t\t\t\t<div class=\"elementor-element elementor-element-3d67e1f elementor-widget elementor-widget-image\" data-id=\"3d67e1f\" data-element_type=\"widget\" data-e-type=\"widget\" data-widget_type=\"image.default\">\n\t\t\t\t<div class=\"elementor-widget-container\">\n\t\t\t\t\t\t\t\t\t\t\t\t\t\t\t\t<a href=\"https:\/\/www.s-senginering.nl\/wp-content\/uploads\/2021\/06\/md-50-duo-s-s-enginering.jpg\" data-elementor-open-lightbox=\"yes\" data-e-action-hash=\"#elementor-action%3Aaction%3Dlightbox%26settings%3DeyJpZCI6MTYxOSwidXJsIjoiaHR0cHM6XC9cL3d3dy5zLXNlbmdpbmVyaW5nLm5sXC93cC1jb250ZW50XC91cGxvYWRzXC8yMDIxXC8wNlwvbWQtNTAtZHVvLXMtcy1lbmdpbmVyaW5nLmpwZyJ9\">\n\t\t\t\t\t\t\t<img decoding=\"async\" width=\"598\" height=\"794\" src=\"https:\/\/www.s-senginering.nl\/wp-content\/uploads\/2021\/06\/md-50-duo-s-s-enginering.jpg\" class=\"attachment-full size-full wp-image-1619\" alt=\"\" srcset=\"https:\/\/www.s-senginering.nl\/wp-content\/uploads\/2021\/06\/md-50-duo-s-s-enginering.jpg 598w, https:\/\/www.s-senginering.nl\/wp-content\/uploads\/2021\/06\/md-50-duo-s-s-enginering-226x300.jpg 226w\" sizes=\"(max-width: 598px) 100vw, 598px\" \/>\t\t\t\t\t\t\t\t<\/a>\n\t\t\t\t\t\t\t\t\t\t\t\t\t\t\t<\/div>\n\t\t\t\t<\/div>\n\t\t\t\t\t<\/div>\n\t\t<\/div>\n\t\t\t\t\t<\/div>\n\t\t<\/section>\n\t\t\t\t<\/div>\n\t\t","protected":false},"excerpt":{"rendered":"<p>Dies ist die gleiche Maschine wie die MD50, nur diese Version hat eine geteilte Trommel mit einem zus\u00e4tzlichen 100 mtr \u00bd&#8216; Schlauch. Der \u00bd-Zoll-Schlauch dient zur Reinigung von Rohren mit kleinem Durchmesser. zB Regenwasserableitung, alte Abflussrohre, G\u00fclleableitung in H\u00fchner- und Schweinest\u00e4llen etcDenn ein \u00b1 40 l.\/min. hat Wasser am Spr\u00fchkopf, der Kopf zieht sich auf [&hellip;]<\/p>\n","protected":false},"author":1,"featured_media":1121,"parent":0,"menu_order":0,"comment_status":"closed","ping_status":"closed","template":"","meta":{"footnotes":""},"class_list":["post-1830","page","type-page","status-publish","has-post-thumbnail","hentry"],"_links":{"self":[{"href":"https:\/\/www.s-senginering.nl\/de\/wp-json\/wp\/v2\/pages\/1830","targetHints":{"allow":["GET"]}}],"collection":[{"href":"https:\/\/www.s-senginering.nl\/de\/wp-json\/wp\/v2\/pages"}],"about":[{"href":"https:\/\/www.s-senginering.nl\/de\/wp-json\/wp\/v2\/types\/page"}],"author":[{"embeddable":true,"href":"https:\/\/www.s-senginering.nl\/de\/wp-json\/wp\/v2\/users\/1"}],"replies":[{"embeddable":true,"href":"https:\/\/www.s-senginering.nl\/de\/wp-json\/wp\/v2\/comments?post=1830"}],"version-history":[{"count":5,"href":"https:\/\/www.s-senginering.nl\/de\/wp-json\/wp\/v2\/pages\/1830\/revisions"}],"predecessor-version":[{"id":2295,"href":"https:\/\/www.s-senginering.nl\/de\/wp-json\/wp\/v2\/pages\/1830\/revisions\/2295"}],"wp:featuredmedia":[{"embeddable":true,"href":"https:\/\/www.s-senginering.nl\/de\/wp-json\/wp\/v2\/media\/1121"}],"wp:attachment":[{"href":"https:\/\/www.s-senginering.nl\/de\/wp-json\/wp\/v2\/media?parent=1830"}],"curies":[{"name":"wp","href":"https:\/\/api.w.org\/{rel}","templated":true}]}}