{"id":1820,"date":"2021-05-05T17:52:41","date_gmt":"2021-05-05T17:52:41","guid":{"rendered":"https:\/\/www.s-senginering.nl\/hochdruck-abflussreiniger-md-50\/"},"modified":"2021-06-21T12:38:27","modified_gmt":"2021-06-21T12:38:27","slug":"hochdruck-abflussreiniger-md-50","status":"publish","type":"page","link":"https:\/\/www.s-senginering.nl\/de\/hochdruck-abflussreiniger-md-50\/","title":{"rendered":"Hochdruck-Dr\u00e4nagereiniger MD 50"},"content":{"rendered":"\t\t<div data-elementor-type=\"wp-page\" data-elementor-id=\"1820\" class=\"elementor elementor-1820 elementor-1100\" data-elementor-post-type=\"page\">\n\t\t\t\t\t\t<section class=\"elementor-section elementor-top-section elementor-element elementor-element-dea384b elementor-section-boxed elementor-section-height-default elementor-section-height-default\" data-id=\"dea384b\" data-element_type=\"section\" data-e-type=\"section\">\n\t\t\t\t\t\t<div class=\"elementor-container elementor-column-gap-default\">\n\t\t\t\t\t<div class=\"elementor-column elementor-col-100 elementor-top-column elementor-element elementor-element-2dcc8fa\" data-id=\"2dcc8fa\" data-element_type=\"column\" data-e-type=\"column\">\n\t\t\t<div class=\"elementor-widget-wrap elementor-element-populated\">\n\t\t\t\t\t\t<div class=\"elementor-element elementor-element-0efb0cd elementor-widget elementor-widget-image\" data-id=\"0efb0cd\" data-element_type=\"widget\" data-e-type=\"widget\" data-widget_type=\"image.default\">\n\t\t\t\t<div class=\"elementor-widget-container\">\n\t\t\t\t\t\t\t\t\t\t\t\t\t\t\t\t<a href=\"https:\/\/www.s-senginering.nl\/wp-content\/uploads\/2021\/05\/drainage-reiniger-MD50-web.jpg\" data-elementor-open-lightbox=\"yes\" data-e-action-hash=\"#elementor-action%3Aaction%3Dlightbox%26settings%3DeyJpZCI6MTEwMywidXJsIjoiaHR0cHM6XC9cL3d3dy5zLXNlbmdpbmVyaW5nLm5sXC93cC1jb250ZW50XC91cGxvYWRzXC8yMDIxXC8wNVwvZHJhaW5hZ2UtcmVpbmlnZXItTUQ1MC13ZWIuanBnIn0%3D\">\n\t\t\t\t\t\t\t<img fetchpriority=\"high\" decoding=\"async\" width=\"800\" height=\"600\" src=\"https:\/\/www.s-senginering.nl\/wp-content\/uploads\/2021\/05\/drainage-reiniger-MD50-web-1024x768.jpg\" class=\"attachment-large size-large wp-image-1103\" alt=\"\" srcset=\"https:\/\/www.s-senginering.nl\/wp-content\/uploads\/2021\/05\/drainage-reiniger-MD50-web-1024x768.jpg 1024w, https:\/\/www.s-senginering.nl\/wp-content\/uploads\/2021\/05\/drainage-reiniger-MD50-web-300x225.jpg 300w, https:\/\/www.s-senginering.nl\/wp-content\/uploads\/2021\/05\/drainage-reiniger-MD50-web-768x576.jpg 768w, https:\/\/www.s-senginering.nl\/wp-content\/uploads\/2021\/05\/drainage-reiniger-MD50-web.jpg 1280w\" sizes=\"(max-width: 800px) 100vw, 800px\" \/>\t\t\t\t\t\t\t\t<\/a>\n\t\t\t\t\t\t\t\t\t\t\t\t\t\t\t<\/div>\n\t\t\t\t<\/div>\n\t\t\t\t<div class=\"elementor-element elementor-element-b8db336 elementor-widget elementor-widget-text-editor\" data-id=\"b8db336\" data-element_type=\"widget\" data-e-type=\"widget\" data-widget_type=\"text-editor.default\">\n\t\t\t\t<div class=\"elementor-widget-container\">\n\t\t\t\t\t\t\t\t\t<h2>Reinigen Sie Ihren Abfluss effizient mit dem MD 50<\/h2>\n<p>Sie k\u00f6nnen diese Arbeit mit der daf\u00fcr vorgesehenen Maschine durchf\u00fchren. Diese Maschine wurde f\u00fcr Entw\u00e4sserungsl\u00e4ngen von \u00b1 200 m und Rohrdurchmesser bis 200 mm entwickelt.<br \/>Die Maschine arbeitet mit einem Anfangsdruck von 50 atm. Am Kopf sind noch \u00b1 15 atm. \u00fcber (oder einstellbar).<br \/>Denn ein \u00b1 120 l.\/min. hat Wasser am Kopf, der Kopf zieht sich auf \u00b1 200 m in der R\u00f6hre.<br \/>Durch die hohe Flie\u00dfgeschwindigkeit der Wassermasse wird der Schmutz aus dem Abflussrohr ausgewaschen.<br \/>Bei richtiger Verlegung der Rohre und regelm\u00e4\u00dfiger Reinigung wird die Bodenstruktur kaum oder gar nicht besch\u00e4digt.<\/p>\n<h3>Spezifikationen des MD 50<\/h3>\n<p>Die MD50 ist eine geeignete Abwasserpumpe zur Reinigung Ihres Abwassersystems. Dieser Pumpentyp reinigt Ihre Abflussrohre mit einer Wassermasse, die mit hoher Geschwindigkeit durch Ihr System gespritzt wird. Dadurch wird der Boden kaum oder gar nicht gesch\u00e4digt. Voraussetzung daf\u00fcr ist, dass die Rohre richtig positioniert sind und Sie regelm\u00e4\u00dfig Reinigungsarbeiten durchf\u00fchren.<\/p>\n<p>MD 50 Abflussreiniger ( 50bar 192ltr\/min):<\/p>\n<ul>\n<li>Der Druckregler ist stufenlos einstellbar.<\/li>\n<li>Die Maschine ist mit einem zus\u00e4tzlichen Pumpenfilter ausgestattet.<\/li>\n<li>Unsere Schmutzwasserpumpe enth\u00e4lt eine D\u00fcse f\u00fcr Wurzeln und Sand.<\/li>\n<li>Sie k\u00f6nnen die Trommel \u00fcber ein von Hand bedienbares Keilriemensystem aufwickeln. Oder als Extra mit Hydromotor.<\/li>\n<li>Der verschlei\u00dffeste Schlauch ist in verschiedenen L\u00e4ngen erh\u00e4ltlich und hat einen maximalen Arbeitsdruck von 80 atm.<\/li>\n<\/ul>\n<h3>Sie haben Fragen zu unserem MD50 oder anderen Produkten?<\/h3>\n<p>Wenn Sie mehr Informationen zu unserem Abflussreiniger MD50 und Speziald\u00fcsen f\u00fcr diese Maschine w\u00fcnschen, k\u00f6nnen Sie sich nat\u00fcrlich jederzeit an uns wenden. Wir sprechen gerne mit Ihnen und erz\u00e4hlen Ihnen mehr. Sie erreichen uns telefonisch unter der Nummer:<a href=\"Tel: +31654202054\"> +31 6 54202054<\/a> . Es ist auch m\u00f6glich, eine E-Mail zu senden an<a href=\"mailto:S-Steenbeek@zonnet.nl\"> S-Steenbeek@zonnet.nl<\/a>.<\/p>\n\t\t\t\t\t\t\t\t<\/div>\n\t\t\t\t<\/div>\n\t\t\t\t\t<\/div>\n\t\t<\/div>\n\t\t\t\t\t<\/div>\n\t\t<\/section>\n\t\t\t\t<\/div>\n\t\t","protected":false},"excerpt":{"rendered":"<p>Reinigen Sie Ihren Abfluss effizient mit dem MD 50 Sie k\u00f6nnen diese Arbeit mit der daf\u00fcr vorgesehenen Maschine durchf\u00fchren. Diese Maschine wurde f\u00fcr Entw\u00e4sserungsl\u00e4ngen von \u00b1 200 m und Rohrdurchmesser bis 200 mm entwickelt.Die Maschine arbeitet mit einem Anfangsdruck von 50 atm. Am Kopf sind noch \u00b1 15 atm. \u00fcber (oder einstellbar).Denn ein \u00b1 120 [&hellip;]<\/p>\n","protected":false},"author":1,"featured_media":1103,"parent":0,"menu_order":0,"comment_status":"closed","ping_status":"closed","template":"","meta":{"footnotes":""},"class_list":["post-1820","page","type-page","status-publish","has-post-thumbnail","hentry"],"_links":{"self":[{"href":"https:\/\/www.s-senginering.nl\/de\/wp-json\/wp\/v2\/pages\/1820","targetHints":{"allow":["GET"]}}],"collection":[{"href":"https:\/\/www.s-senginering.nl\/de\/wp-json\/wp\/v2\/pages"}],"about":[{"href":"https:\/\/www.s-senginering.nl\/de\/wp-json\/wp\/v2\/types\/page"}],"author":[{"embeddable":true,"href":"https:\/\/www.s-senginering.nl\/de\/wp-json\/wp\/v2\/users\/1"}],"replies":[{"embeddable":true,"href":"https:\/\/www.s-senginering.nl\/de\/wp-json\/wp\/v2\/comments?post=1820"}],"version-history":[{"count":5,"href":"https:\/\/www.s-senginering.nl\/de\/wp-json\/wp\/v2\/pages\/1820\/revisions"}],"predecessor-version":[{"id":2275,"href":"https:\/\/www.s-senginering.nl\/de\/wp-json\/wp\/v2\/pages\/1820\/revisions\/2275"}],"wp:featuredmedia":[{"embeddable":true,"href":"https:\/\/www.s-senginering.nl\/de\/wp-json\/wp\/v2\/media\/1103"}],"wp:attachment":[{"href":"https:\/\/www.s-senginering.nl\/de\/wp-json\/wp\/v2\/media?parent=1820"}],"curies":[{"name":"wp","href":"https:\/\/api.w.org\/{rel}","templated":true}]}}