{"id":1812,"date":"2021-03-31T09:47:20","date_gmt":"2021-03-31T07:47:20","guid":{"rendered":"https:\/\/www.s-senginering.nl\/flugblaetter\/"},"modified":"2022-06-29T09:05:34","modified_gmt":"2022-06-29T07:05:34","slug":"flugblaetter","status":"publish","type":"page","link":"https:\/\/www.s-senginering.nl\/de\/flugblaetter\/","title":{"rendered":"Prospekt"},"content":{"rendered":"\t\t<div data-elementor-type=\"wp-page\" data-elementor-id=\"1812\" class=\"elementor elementor-1812 elementor-42\" data-elementor-post-type=\"page\">\n\t\t\t\t\t\t<section class=\"elementor-section elementor-top-section elementor-element elementor-element-14abde1 elementor-section-boxed elementor-section-height-default elementor-section-height-default\" data-id=\"14abde1\" data-element_type=\"section\" data-e-type=\"section\">\n\t\t\t\t\t\t<div class=\"elementor-container elementor-column-gap-default\">\n\t\t\t\t\t<div class=\"elementor-column elementor-col-100 elementor-top-column elementor-element elementor-element-013bb77\" data-id=\"013bb77\" data-element_type=\"column\" data-e-type=\"column\">\n\t\t\t<div class=\"elementor-widget-wrap elementor-element-populated\">\n\t\t\t\t\t\t<div class=\"elementor-element elementor-element-d028f0f elementor-widget elementor-widget-text-editor\" data-id=\"d028f0f\" data-element_type=\"widget\" data-e-type=\"widget\" data-widget_type=\"text-editor.default\">\n\t\t\t\t<div class=\"elementor-widget-container\">\n\t\t\t\t\t\t\t\t\t<div class=\"vc_row wpb_row vc_row-fluid\"><div class=\"wpb_column vc_column_container vc_col-sm-12\"><div class=\"vc_column-inner \"><div class=\"wpb_wrapper\"><div class=\"wpb_text_column wpb_content_element \"><div class=\"wpb_wrapper\"><p>Nachfolgend finden Sie die Produktbrosch\u00fcren. Durch Klicken auf den Download-Button k\u00f6nnen Sie diese Brosch\u00fcren anzeigen und herunterladen.<\/p><\/div><\/div><\/div><\/div><\/div><\/div>\t\t\t\t\t\t\t\t<\/div>\n\t\t\t\t<\/div>\n\t\t\t\t\t<\/div>\n\t\t<\/div>\n\t\t\t\t\t<\/div>\n\t\t<\/section>\n\t\t\t\t<section class=\"elementor-section elementor-top-section elementor-element elementor-element-b34fb18 elementor-section-boxed elementor-section-height-default elementor-section-height-default\" data-id=\"b34fb18\" data-element_type=\"section\" data-e-type=\"section\">\n\t\t\t\t\t\t<div class=\"elementor-container elementor-column-gap-default\">\n\t\t\t\t\t<div class=\"elementor-column elementor-col-50 elementor-top-column elementor-element elementor-element-552c8a0\" data-id=\"552c8a0\" data-element_type=\"column\" data-e-type=\"column\">\n\t\t\t<div class=\"elementor-widget-wrap elementor-element-populated\">\n\t\t\t\t\t\t<div class=\"elementor-element elementor-element-298d455 elementor-widget elementor-widget-heading\" data-id=\"298d455\" data-element_type=\"widget\" data-e-type=\"widget\" data-widget_type=\"heading.default\">\n\t\t\t\t<div class=\"elementor-widget-container\">\n\t\t\t\t\t<h2 class=\"elementor-heading-title elementor-size-default\">Dr\u00e4nagereiniger Professional<\/h2>\t\t\t\t<\/div>\n\t\t\t\t<\/div>\n\t\t\t\t<div class=\"elementor-element elementor-element-c802b6c elementor-widget elementor-widget-image\" data-id=\"c802b6c\" data-element_type=\"widget\" data-e-type=\"widget\" data-widget_type=\"image.default\">\n\t\t\t\t<div class=\"elementor-widget-container\">\n\t\t\t\t\t\t\t\t\t\t\t\t\t\t\t\t<a href=\"https:\/\/www.s-senginering.nl\/wp-content\/uploads\/2021\/06\/folder-Prof-Duits-Nw-type.pdf\" target=\"_blank\">\n\t\t\t\t\t\t\t<img fetchpriority=\"high\" decoding=\"async\" width=\"595\" height=\"841\" src=\"https:\/\/www.s-senginering.nl\/wp-content\/uploads\/2021\/06\/folder-Prof-Duits-Nw-type.jpg\" class=\"attachment-full size-full wp-image-1658\" alt=\"\" srcset=\"https:\/\/www.s-senginering.nl\/wp-content\/uploads\/2021\/06\/folder-Prof-Duits-Nw-type.jpg 595w, https:\/\/www.s-senginering.nl\/wp-content\/uploads\/2021\/06\/folder-Prof-Duits-Nw-type-212x300.jpg 212w\" sizes=\"(max-width: 595px) 100vw, 595px\" \/>\t\t\t\t\t\t\t\t<\/a>\n\t\t\t\t\t\t\t\t\t\t\t\t\t\t\t<\/div>\n\t\t\t\t<\/div>\n\t\t\t\t<div class=\"elementor-element elementor-element-0412e0e elementor-align-justify elementor-widget elementor-widget-button\" data-id=\"0412e0e\" data-element_type=\"widget\" data-e-type=\"widget\" data-widget_type=\"button.default\">\n\t\t\t\t<div class=\"elementor-widget-container\">\n\t\t\t\t\t\t\t\t\t<div class=\"elementor-button-wrapper\">\n\t\t\t\t\t<a class=\"elementor-button elementor-button-link elementor-size-md\" href=\"https:\/\/www.s-senginering.nl\/wp-content\/uploads\/2021\/06\/folder-Prof-Duits.pdf\" target=\"_blank\">\n\t\t\t\t\t\t<span class=\"elementor-button-content-wrapper\">\n\t\t\t\t\t\t<span class=\"elementor-button-icon\">\n\t\t\t\t<i aria-hidden=\"true\" class=\"fas fa-download\"><\/i>\t\t\t<\/span>\n\t\t\t\t\t\t\t\t\t<span class=\"elementor-button-text\">Professional-Ordner herunterladen<\/span>\n\t\t\t\t\t<\/span>\n\t\t\t\t\t<\/a>\n\t\t\t\t<\/div>\n\t\t\t\t\t\t\t\t<\/div>\n\t\t\t\t<\/div>\n\t\t\t\t<div class=\"elementor-element elementor-element-22be0d2 elementor-align-justify elementor-widget elementor-widget-button\" data-id=\"22be0d2\" data-element_type=\"widget\" data-e-type=\"widget\" data-widget_type=\"button.default\">\n\t\t\t\t<div class=\"elementor-widget-container\">\n\t\t\t\t\t\t\t\t\t<div class=\"elementor-button-wrapper\">\n\t\t\t\t\t<a class=\"elementor-button elementor-button-link elementor-size-md\" href=\"https:\/\/www.s-senginering.nl\/wp-content\/uploads\/2021\/06\/folder-Prof-Duits-Nw-type.pdf\" target=\"_blank\">\n\t\t\t\t\t\t<span class=\"elementor-button-content-wrapper\">\n\t\t\t\t\t\t<span class=\"elementor-button-icon\">\n\t\t\t\t<i aria-hidden=\"true\" class=\"fas fa-download\"><\/i>\t\t\t<\/span>\n\t\t\t\t\t\t\t\t\t<span class=\"elementor-button-text\">Professionelle Brosch\u00fcre herunterladen NEU!<\/span>\n\t\t\t\t\t<\/span>\n\t\t\t\t\t<\/a>\n\t\t\t\t<\/div>\n\t\t\t\t\t\t\t\t<\/div>\n\t\t\t\t<\/div>\n\t\t\t\t\t<\/div>\n\t\t<\/div>\n\t\t\t\t<div class=\"elementor-column elementor-col-50 elementor-top-column elementor-element elementor-element-2dfc433\" data-id=\"2dfc433\" data-element_type=\"column\" data-e-type=\"column\">\n\t\t\t<div class=\"elementor-widget-wrap elementor-element-populated\">\n\t\t\t\t\t\t<div class=\"elementor-element elementor-element-29c0fa8 elementor-widget elementor-widget-heading\" data-id=\"29c0fa8\" data-element_type=\"widget\" data-e-type=\"widget\" data-widget_type=\"heading.default\">\n\t\t\t\t<div class=\"elementor-widget-container\">\n\t\t\t\t\t<h2 class=\"elementor-heading-title elementor-size-default\">Schmutzwasserpumpe<br>Typ DWP 500<\/h2>\t\t\t\t<\/div>\n\t\t\t\t<\/div>\n\t\t\t\t<div class=\"elementor-element elementor-element-2f53a0d elementor-widget elementor-widget-image\" data-id=\"2f53a0d\" data-element_type=\"widget\" data-e-type=\"widget\" data-widget_type=\"image.default\">\n\t\t\t\t<div class=\"elementor-widget-container\">\n\t\t\t\t\t\t\t\t\t\t\t\t\t\t\t\t<a href=\"https:\/\/www.s-senginering.nl\/wp-content\/uploads\/2021\/06\/Dirty-waterpomp-Duits.pdf\" target=\"_blank\">\n\t\t\t\t\t\t\t<img decoding=\"async\" width=\"595\" height=\"841\" src=\"https:\/\/www.s-senginering.nl\/wp-content\/uploads\/2021\/06\/Dirty-waterpomp-Duits-1.jpg\" class=\"attachment-full size-full wp-image-2115\" alt=\"\" srcset=\"https:\/\/www.s-senginering.nl\/wp-content\/uploads\/2021\/06\/Dirty-waterpomp-Duits-1.jpg 595w, https:\/\/www.s-senginering.nl\/wp-content\/uploads\/2021\/06\/Dirty-waterpomp-Duits-1-212x300.jpg 212w\" sizes=\"(max-width: 595px) 100vw, 595px\" \/>\t\t\t\t\t\t\t\t<\/a>\n\t\t\t\t\t\t\t\t\t\t\t\t\t\t\t<\/div>\n\t\t\t\t<\/div>\n\t\t\t\t<div class=\"elementor-element elementor-element-5f4fbfc elementor-align-justify elementor-widget elementor-widget-button\" data-id=\"5f4fbfc\" data-element_type=\"widget\" data-e-type=\"widget\" data-widget_type=\"button.default\">\n\t\t\t\t<div class=\"elementor-widget-container\">\n\t\t\t\t\t\t\t\t\t<div class=\"elementor-button-wrapper\">\n\t\t\t\t\t<a class=\"elementor-button elementor-button-link elementor-size-md\" href=\"https:\/\/www.s-senginering.nl\/wp-content\/uploads\/2021\/06\/Dirty-waterpomp-Duits.pdf\" target=\"_blank\">\n\t\t\t\t\t\t<span class=\"elementor-button-content-wrapper\">\n\t\t\t\t\t\t<span class=\"elementor-button-icon\">\n\t\t\t\t<i aria-hidden=\"true\" class=\"fas fa-download\"><\/i>\t\t\t<\/span>\n\t\t\t\t\t\t\t\t\t<span class=\"elementor-button-text\">Download Ordner Schmutzwasserpumpe<\/span>\n\t\t\t\t\t<\/span>\n\t\t\t\t\t<\/a>\n\t\t\t\t<\/div>\n\t\t\t\t\t\t\t\t<\/div>\n\t\t\t\t<\/div>\n\t\t\t\t\t<\/div>\n\t\t<\/div>\n\t\t\t\t\t<\/div>\n\t\t<\/section>\n\t\t\t\t<section class=\"elementor-section elementor-top-section elementor-element elementor-element-fc0ee71 elementor-section-boxed elementor-section-height-default elementor-section-height-default\" data-id=\"fc0ee71\" data-element_type=\"section\" data-e-type=\"section\">\n\t\t\t\t\t\t<div class=\"elementor-container elementor-column-gap-default\">\n\t\t\t\t\t<div class=\"elementor-column elementor-col-50 elementor-top-column elementor-element elementor-element-2b157d6\" data-id=\"2b157d6\" data-element_type=\"column\" data-e-type=\"column\">\n\t\t\t<div class=\"elementor-widget-wrap elementor-element-populated\">\n\t\t\t\t\t\t<div class=\"elementor-element elementor-element-76b0974 elementor-widget elementor-widget-heading\" data-id=\"76b0974\" data-element_type=\"widget\" data-e-type=\"widget\" data-widget_type=\"heading.default\">\n\t\t\t\t<div class=\"elementor-widget-container\">\n\t\t\t\t\t<h2 class=\"elementor-heading-title elementor-size-default\">Dr\u00e4nagereiniger <br>MD 50<\/h2>\t\t\t\t<\/div>\n\t\t\t\t<\/div>\n\t\t\t\t<div class=\"elementor-element elementor-element-18c9bc8 elementor-widget elementor-widget-image\" data-id=\"18c9bc8\" data-element_type=\"widget\" data-e-type=\"widget\" data-widget_type=\"image.default\">\n\t\t\t\t<div class=\"elementor-widget-container\">\n\t\t\t\t\t\t\t\t\t\t\t\t\t\t\t\t<a href=\"https:\/\/www.s-senginering.nl\/wp-content\/uploads\/2021\/06\/folder-MD-50-Duits.pdf\" target=\"_blank\">\n\t\t\t\t\t\t\t<img decoding=\"async\" width=\"595\" height=\"841\" src=\"https:\/\/www.s-senginering.nl\/wp-content\/uploads\/2021\/06\/folder-MD-50-Duits.jpg\" class=\"attachment-full size-full wp-image-1676\" alt=\"\" srcset=\"https:\/\/www.s-senginering.nl\/wp-content\/uploads\/2021\/06\/folder-MD-50-Duits.jpg 595w, https:\/\/www.s-senginering.nl\/wp-content\/uploads\/2021\/06\/folder-MD-50-Duits-212x300.jpg 212w\" sizes=\"(max-width: 595px) 100vw, 595px\" \/>\t\t\t\t\t\t\t\t<\/a>\n\t\t\t\t\t\t\t\t\t\t\t\t\t\t\t<\/div>\n\t\t\t\t<\/div>\n\t\t\t\t<div class=\"elementor-element elementor-element-d5ef897 elementor-align-justify elementor-widget elementor-widget-button\" data-id=\"d5ef897\" data-element_type=\"widget\" data-e-type=\"widget\" data-widget_type=\"button.default\">\n\t\t\t\t<div class=\"elementor-widget-container\">\n\t\t\t\t\t\t\t\t\t<div class=\"elementor-button-wrapper\">\n\t\t\t\t\t<a class=\"elementor-button elementor-button-link elementor-size-md\" href=\"https:\/\/www.s-senginering.nl\/wp-content\/uploads\/2021\/06\/folder-MD-50-Duits.pdf\" target=\"_blank\">\n\t\t\t\t\t\t<span class=\"elementor-button-content-wrapper\">\n\t\t\t\t\t\t<span class=\"elementor-button-icon\">\n\t\t\t\t<i aria-hidden=\"true\" class=\"fas fa-download\"><\/i>\t\t\t<\/span>\n\t\t\t\t\t\t\t\t\t<span class=\"elementor-button-text\">Brosch\u00fcre MD 50 herunterladen<\/span>\n\t\t\t\t\t<\/span>\n\t\t\t\t\t<\/a>\n\t\t\t\t<\/div>\n\t\t\t\t\t\t\t\t<\/div>\n\t\t\t\t<\/div>\n\t\t\t\t\t<\/div>\n\t\t<\/div>\n\t\t\t\t<div class=\"elementor-column elementor-col-50 elementor-top-column elementor-element elementor-element-ca38c4d\" data-id=\"ca38c4d\" data-element_type=\"column\" data-e-type=\"column\">\n\t\t\t<div class=\"elementor-widget-wrap elementor-element-populated\">\n\t\t\t\t\t\t<div class=\"elementor-element elementor-element-5ba395c elementor-widget elementor-widget-heading\" data-id=\"5ba395c\" data-element_type=\"widget\" data-e-type=\"widget\" data-widget_type=\"heading.default\">\n\t\t\t\t<div class=\"elementor-widget-container\">\n\t\t\t\t\t<h2 class=\"elementor-heading-title elementor-size-default\">Road<br>Cleaner<\/h2>\t\t\t\t<\/div>\n\t\t\t\t<\/div>\n\t\t\t\t<div class=\"elementor-element elementor-element-685049f elementor-widget elementor-widget-image\" data-id=\"685049f\" data-element_type=\"widget\" data-e-type=\"widget\" data-widget_type=\"image.default\">\n\t\t\t\t<div class=\"elementor-widget-container\">\n\t\t\t\t\t\t\t\t\t\t\t\t\t\t\t\t<a href=\"https:\/\/www.s-senginering.nl\/wp-content\/uploads\/2021\/06\/folder-road-cleaner-Duits.pdf\" target=\"_blank\">\n\t\t\t\t\t\t\t<img loading=\"lazy\" decoding=\"async\" width=\"595\" height=\"841\" src=\"https:\/\/www.s-senginering.nl\/wp-content\/uploads\/2021\/06\/folder-road-cleaner-Duits.jpg\" class=\"attachment-full size-full wp-image-1679\" alt=\"\" srcset=\"https:\/\/www.s-senginering.nl\/wp-content\/uploads\/2021\/06\/folder-road-cleaner-Duits.jpg 595w, https:\/\/www.s-senginering.nl\/wp-content\/uploads\/2021\/06\/folder-road-cleaner-Duits-212x300.jpg 212w\" sizes=\"(max-width: 595px) 100vw, 595px\" \/>\t\t\t\t\t\t\t\t<\/a>\n\t\t\t\t\t\t\t\t\t\t\t\t\t\t\t<\/div>\n\t\t\t\t<\/div>\n\t\t\t\t<div class=\"elementor-element elementor-element-9197bd4 elementor-align-justify elementor-widget elementor-widget-button\" data-id=\"9197bd4\" data-element_type=\"widget\" data-e-type=\"widget\" data-widget_type=\"button.default\">\n\t\t\t\t<div class=\"elementor-widget-container\">\n\t\t\t\t\t\t\t\t\t<div class=\"elementor-button-wrapper\">\n\t\t\t\t\t<a class=\"elementor-button elementor-button-link elementor-size-md\" href=\"https:\/\/www.s-senginering.nl\/wp-content\/uploads\/2021\/06\/folder-road-cleaner-Duits.pdf\" target=\"_blank\">\n\t\t\t\t\t\t<span class=\"elementor-button-content-wrapper\">\n\t\t\t\t\t\t<span class=\"elementor-button-icon\">\n\t\t\t\t<i aria-hidden=\"true\" class=\"fas fa-download\"><\/i>\t\t\t<\/span>\n\t\t\t\t\t\t\t\t\t<span class=\"elementor-button-text\">Download Road Cleaner-Ordner<\/span>\n\t\t\t\t\t<\/span>\n\t\t\t\t\t<\/a>\n\t\t\t\t<\/div>\n\t\t\t\t\t\t\t\t<\/div>\n\t\t\t\t<\/div>\n\t\t\t\t\t<\/div>\n\t\t<\/div>\n\t\t\t\t\t<\/div>\n\t\t<\/section>\n\t\t\t\t<section class=\"elementor-section elementor-top-section elementor-element elementor-element-5809680 elementor-section-boxed elementor-section-height-default elementor-section-height-default\" data-id=\"5809680\" data-element_type=\"section\" data-e-type=\"section\">\n\t\t\t\t\t\t<div class=\"elementor-container elementor-column-gap-default\">\n\t\t\t\t\t<div class=\"elementor-column elementor-col-50 elementor-top-column elementor-element elementor-element-4bc29f5\" data-id=\"4bc29f5\" data-element_type=\"column\" data-e-type=\"column\">\n\t\t\t<div class=\"elementor-widget-wrap elementor-element-populated\">\n\t\t\t\t\t\t<div class=\"elementor-element elementor-element-3f049e5 elementor-widget elementor-widget-heading\" data-id=\"3f049e5\" data-element_type=\"widget\" data-e-type=\"widget\" data-widget_type=\"heading.default\">\n\t\t\t\t<div class=\"elementor-widget-container\">\n\t\t\t\t\t<h2 class=\"elementor-heading-title elementor-size-default\">Easy Clean<\/h2>\t\t\t\t<\/div>\n\t\t\t\t<\/div>\n\t\t\t\t<div class=\"elementor-element elementor-element-c3a1496 elementor-widget elementor-widget-image\" data-id=\"c3a1496\" data-element_type=\"widget\" data-e-type=\"widget\" data-widget_type=\"image.default\">\n\t\t\t\t<div class=\"elementor-widget-container\">\n\t\t\t\t\t\t\t\t\t\t\t\t\t\t\t\t<a href=\"https:\/\/www.s-senginering.nl\/wp-content\/uploads\/2021\/06\/folder-D-Easy-Cleaner.pdf\" target=\"_blank\">\n\t\t\t\t\t\t\t<img loading=\"lazy\" decoding=\"async\" width=\"595\" height=\"841\" src=\"https:\/\/www.s-senginering.nl\/wp-content\/uploads\/2021\/06\/folder-D-Easy-Cleaner.jpg\" class=\"attachment-full size-full wp-image-1682\" alt=\"\" srcset=\"https:\/\/www.s-senginering.nl\/wp-content\/uploads\/2021\/06\/folder-D-Easy-Cleaner.jpg 595w, https:\/\/www.s-senginering.nl\/wp-content\/uploads\/2021\/06\/folder-D-Easy-Cleaner-212x300.jpg 212w\" sizes=\"(max-width: 595px) 100vw, 595px\" \/>\t\t\t\t\t\t\t\t<\/a>\n\t\t\t\t\t\t\t\t\t\t\t\t\t\t\t<\/div>\n\t\t\t\t<\/div>\n\t\t\t\t<div class=\"elementor-element elementor-element-148407d elementor-align-justify elementor-widget elementor-widget-button\" data-id=\"148407d\" data-element_type=\"widget\" data-e-type=\"widget\" data-widget_type=\"button.default\">\n\t\t\t\t<div class=\"elementor-widget-container\">\n\t\t\t\t\t\t\t\t\t<div class=\"elementor-button-wrapper\">\n\t\t\t\t\t<a class=\"elementor-button elementor-button-link elementor-size-md\" href=\"https:\/\/www.s-senginering.nl\/wp-content\/uploads\/2021\/06\/folder-D-Easy-Cleaner.pdf\" target=\"_blank\">\n\t\t\t\t\t\t<span class=\"elementor-button-content-wrapper\">\n\t\t\t\t\t\t<span class=\"elementor-button-icon\">\n\t\t\t\t<i aria-hidden=\"true\" class=\"fas fa-download\"><\/i>\t\t\t<\/span>\n\t\t\t\t\t\t\t\t\t<span class=\"elementor-button-text\">Easy Clean-Ordner herunterladen<\/span>\n\t\t\t\t\t<\/span>\n\t\t\t\t\t<\/a>\n\t\t\t\t<\/div>\n\t\t\t\t\t\t\t\t<\/div>\n\t\t\t\t<\/div>\n\t\t\t\t\t<\/div>\n\t\t<\/div>\n\t\t\t\t<div class=\"elementor-column elementor-col-50 elementor-top-column elementor-element elementor-element-b76bd3a\" data-id=\"b76bd3a\" data-element_type=\"column\" data-e-type=\"column\">\n\t\t\t<div class=\"elementor-widget-wrap elementor-element-populated\">\n\t\t\t\t\t\t<div class=\"elementor-element elementor-element-8fad2cb elementor-widget elementor-widget-heading\" data-id=\"8fad2cb\" data-element_type=\"widget\" data-e-type=\"widget\" data-widget_type=\"heading.default\">\n\t\t\t\t<div class=\"elementor-widget-container\">\n\t\t\t\t\t<h2 class=\"elementor-heading-title elementor-size-default\">Dr\u00e4nagereiniger<br \/>MD 100<\/h2>\t\t\t\t<\/div>\n\t\t\t\t<\/div>\n\t\t\t\t<div class=\"elementor-element elementor-element-1cda43c elementor-widget elementor-widget-image\" data-id=\"1cda43c\" data-element_type=\"widget\" data-e-type=\"widget\" data-widget_type=\"image.default\">\n\t\t\t\t<div class=\"elementor-widget-container\">\n\t\t\t\t\t\t\t\t\t\t\t\t\t\t\t\t<a href=\"https:\/\/www.s-senginering.nl\/wp-content\/uploads\/2021\/11\/folder-MD-100-Duits.pdf\" target=\"_blank\">\n\t\t\t\t\t\t\t<img loading=\"lazy\" decoding=\"async\" width=\"1512\" height=\"2138\" src=\"https:\/\/www.s-senginering.nl\/wp-content\/uploads\/2021\/11\/folder-MD-100-Duits-1.jpg\" class=\"attachment-full size-full wp-image-2365\" alt=\"\" srcset=\"https:\/\/www.s-senginering.nl\/wp-content\/uploads\/2021\/11\/folder-MD-100-Duits-1.jpg 1512w, https:\/\/www.s-senginering.nl\/wp-content\/uploads\/2021\/11\/folder-MD-100-Duits-1-212x300.jpg 212w, https:\/\/www.s-senginering.nl\/wp-content\/uploads\/2021\/11\/folder-MD-100-Duits-1-724x1024.jpg 724w, https:\/\/www.s-senginering.nl\/wp-content\/uploads\/2021\/11\/folder-MD-100-Duits-1-768x1086.jpg 768w, https:\/\/www.s-senginering.nl\/wp-content\/uploads\/2021\/11\/folder-MD-100-Duits-1-1086x1536.jpg 1086w, https:\/\/www.s-senginering.nl\/wp-content\/uploads\/2021\/11\/folder-MD-100-Duits-1-1448x2048.jpg 1448w\" sizes=\"(max-width: 1512px) 100vw, 1512px\" \/>\t\t\t\t\t\t\t\t<\/a>\n\t\t\t\t\t\t\t\t\t\t\t\t\t\t\t<\/div>\n\t\t\t\t<\/div>\n\t\t\t\t<div class=\"elementor-element elementor-element-4b7aff5 elementor-align-justify elementor-widget elementor-widget-button\" data-id=\"4b7aff5\" data-element_type=\"widget\" data-e-type=\"widget\" data-widget_type=\"button.default\">\n\t\t\t\t<div class=\"elementor-widget-container\">\n\t\t\t\t\t\t\t\t\t<div class=\"elementor-button-wrapper\">\n\t\t\t\t\t<a class=\"elementor-button elementor-button-link elementor-size-md\" href=\"https:\/\/www.s-senginering.nl\/wp-content\/uploads\/2021\/11\/folder-MD-100-Duits.pdf\" target=\"_blank\">\n\t\t\t\t\t\t<span class=\"elementor-button-content-wrapper\">\n\t\t\t\t\t\t<span class=\"elementor-button-icon\">\n\t\t\t\t<i aria-hidden=\"true\" class=\"fas fa-download\"><\/i>\t\t\t<\/span>\n\t\t\t\t\t\t\t\t\t<span class=\"elementor-button-text\">MD 100-Ordner herunterladen<\/span>\n\t\t\t\t\t<\/span>\n\t\t\t\t\t<\/a>\n\t\t\t\t<\/div>\n\t\t\t\t\t\t\t\t<\/div>\n\t\t\t\t<\/div>\n\t\t\t\t\t<\/div>\n\t\t<\/div>\n\t\t\t\t\t<\/div>\n\t\t<\/section>\n\t\t\t\t<section class=\"elementor-section elementor-top-section elementor-element elementor-element-eb48131 elementor-section-boxed elementor-section-height-default elementor-section-height-default\" data-id=\"eb48131\" data-element_type=\"section\" data-e-type=\"section\">\n\t\t\t\t\t\t<div class=\"elementor-container elementor-column-gap-default\">\n\t\t\t\t\t<div class=\"elementor-column elementor-col-50 elementor-top-column elementor-element elementor-element-5cad0be\" data-id=\"5cad0be\" data-element_type=\"column\" data-e-type=\"column\">\n\t\t\t<div class=\"elementor-widget-wrap elementor-element-populated\">\n\t\t\t\t\t\t<div class=\"elementor-element elementor-element-db475bc elementor-widget elementor-widget-heading\" data-id=\"db475bc\" data-element_type=\"widget\" data-e-type=\"widget\" data-widget_type=\"heading.default\">\n\t\t\t\t<div class=\"elementor-widget-container\">\n\t\t\t\t\t<h2 class=\"elementor-heading-title elementor-size-default\">Ortungsger\u00e4ten<\/h2>\t\t\t\t<\/div>\n\t\t\t\t<\/div>\n\t\t\t\t<div class=\"elementor-element elementor-element-8639679 elementor-widget elementor-widget-image\" data-id=\"8639679\" data-element_type=\"widget\" data-e-type=\"widget\" data-widget_type=\"image.default\">\n\t\t\t\t<div class=\"elementor-widget-container\">\n\t\t\t\t\t\t\t\t\t\t\t\t\t\t\t\t<a href=\"https:\/\/www.s-senginering.nl\/wp-content\/uploads\/2022\/06\/folder-zoekapp.-S-S-Duits-2020.pdf\" target=\"_blank\">\n\t\t\t\t\t\t\t<img loading=\"lazy\" decoding=\"async\" width=\"1512\" height=\"2138\" src=\"https:\/\/www.s-senginering.nl\/wp-content\/uploads\/2022\/06\/folder-zoekapp.-S-S-Duits-2020_2-1.jpg\" class=\"attachment-full size-full wp-image-2541\" alt=\"\" srcset=\"https:\/\/www.s-senginering.nl\/wp-content\/uploads\/2022\/06\/folder-zoekapp.-S-S-Duits-2020_2-1.jpg 1512w, https:\/\/www.s-senginering.nl\/wp-content\/uploads\/2022\/06\/folder-zoekapp.-S-S-Duits-2020_2-1-212x300.jpg 212w, https:\/\/www.s-senginering.nl\/wp-content\/uploads\/2022\/06\/folder-zoekapp.-S-S-Duits-2020_2-1-724x1024.jpg 724w, https:\/\/www.s-senginering.nl\/wp-content\/uploads\/2022\/06\/folder-zoekapp.-S-S-Duits-2020_2-1-768x1086.jpg 768w, https:\/\/www.s-senginering.nl\/wp-content\/uploads\/2022\/06\/folder-zoekapp.-S-S-Duits-2020_2-1-1086x1536.jpg 1086w, https:\/\/www.s-senginering.nl\/wp-content\/uploads\/2022\/06\/folder-zoekapp.-S-S-Duits-2020_2-1-1448x2048.jpg 1448w\" sizes=\"(max-width: 1512px) 100vw, 1512px\" \/>\t\t\t\t\t\t\t\t<\/a>\n\t\t\t\t\t\t\t\t\t\t\t\t\t\t\t<\/div>\n\t\t\t\t<\/div>\n\t\t\t\t<div class=\"elementor-element elementor-element-cb70b98 elementor-align-justify elementor-widget elementor-widget-button\" data-id=\"cb70b98\" data-element_type=\"widget\" data-e-type=\"widget\" data-widget_type=\"button.default\">\n\t\t\t\t<div class=\"elementor-widget-container\">\n\t\t\t\t\t\t\t\t\t<div class=\"elementor-button-wrapper\">\n\t\t\t\t\t<a class=\"elementor-button elementor-button-link elementor-size-md\" href=\"https:\/\/www.s-senginering.nl\/wp-content\/uploads\/2022\/06\/folder-zoekapp.-S-S-Duits-2020.pdf\" target=\"_blank\">\n\t\t\t\t\t\t<span class=\"elementor-button-content-wrapper\">\n\t\t\t\t\t\t<span class=\"elementor-button-icon\">\n\t\t\t\t<i aria-hidden=\"true\" class=\"fas fa-download\"><\/i>\t\t\t<\/span>\n\t\t\t\t\t\t\t\t\t<span class=\"elementor-button-text\">Ortungsger\u00e4ten herunterladen<\/span>\n\t\t\t\t\t<\/span>\n\t\t\t\t\t<\/a>\n\t\t\t\t<\/div>\n\t\t\t\t\t\t\t\t<\/div>\n\t\t\t\t<\/div>\n\t\t\t\t\t<\/div>\n\t\t<\/div>\n\t\t\t\t<div class=\"elementor-column elementor-col-50 elementor-top-column elementor-element elementor-element-2ba7524\" data-id=\"2ba7524\" data-element_type=\"column\" data-e-type=\"column\">\n\t\t\t<div class=\"elementor-widget-wrap\">\n\t\t\t\t\t\t\t<\/div>\n\t\t<\/div>\n\t\t\t\t\t<\/div>\n\t\t<\/section>\n\t\t\t\t<\/div>\n\t\t","protected":false},"excerpt":{"rendered":"<p>Nachfolgend finden Sie die Produktbrosch\u00fcren. Durch Klicken auf den Download-Button k\u00f6nnen Sie diese Brosch\u00fcren anzeigen und herunterladen. Dr\u00e4nagereiniger Professional Professional-Ordner herunterladen Professionelle Brosch\u00fcre herunterladen NEU! SchmutzwasserpumpeTyp DWP 500 Download Ordner Schmutzwasserpumpe Dr\u00e4nagereiniger MD 50 Brosch\u00fcre MD 50 herunterladen RoadCleaner Download Road Cleaner-Ordner Easy Clean Easy Clean-Ordner herunterladen Dr\u00e4nagereinigerMD 100 MD 100-Ordner herunterladen Ortungsger\u00e4ten Ortungsger\u00e4ten herunterladen<\/p>\n","protected":false},"author":1,"featured_media":1652,"parent":0,"menu_order":0,"comment_status":"closed","ping_status":"closed","template":"","meta":{"footnotes":""},"class_list":["post-1812","page","type-page","status-publish","has-post-thumbnail","hentry"],"_links":{"self":[{"href":"https:\/\/www.s-senginering.nl\/de\/wp-json\/wp\/v2\/pages\/1812","targetHints":{"allow":["GET"]}}],"collection":[{"href":"https:\/\/www.s-senginering.nl\/de\/wp-json\/wp\/v2\/pages"}],"about":[{"href":"https:\/\/www.s-senginering.nl\/de\/wp-json\/wp\/v2\/types\/page"}],"author":[{"embeddable":true,"href":"https:\/\/www.s-senginering.nl\/de\/wp-json\/wp\/v2\/users\/1"}],"replies":[{"embeddable":true,"href":"https:\/\/www.s-senginering.nl\/de\/wp-json\/wp\/v2\/comments?post=1812"}],"version-history":[{"count":5,"href":"https:\/\/www.s-senginering.nl\/de\/wp-json\/wp\/v2\/pages\/1812\/revisions"}],"predecessor-version":[{"id":2558,"href":"https:\/\/www.s-senginering.nl\/de\/wp-json\/wp\/v2\/pages\/1812\/revisions\/2558"}],"wp:featuredmedia":[{"embeddable":true,"href":"https:\/\/www.s-senginering.nl\/de\/wp-json\/wp\/v2\/media\/1652"}],"wp:attachment":[{"href":"https:\/\/www.s-senginering.nl\/de\/wp-json\/wp\/v2\/media?parent=1812"}],"curies":[{"name":"wp","href":"https:\/\/api.w.org\/{rel}","templated":true}]}}