{"id":1778,"date":"2021-03-31T09:40:16","date_gmt":"2021-03-31T09:40:16","guid":{"rendered":"https:\/\/www.s-senginering.nl\/abflussreiniger-profi\/"},"modified":"2022-02-24T13:13:24","modified_gmt":"2022-02-24T13:13:24","slug":"dranagereiniger-professional","status":"publish","type":"page","link":"https:\/\/www.s-senginering.nl\/de\/dranagereiniger-professional\/","title":{"rendered":"Dr\u00e4nagereiniger Professional"},"content":{"rendered":"\t\t<div data-elementor-type=\"wp-page\" data-elementor-id=\"1778\" class=\"elementor elementor-1778 elementor-28\" data-elementor-post-type=\"page\">\n\t\t\t\t\t\t<section class=\"elementor-section elementor-top-section elementor-element elementor-element-dea384b elementor-section-boxed elementor-section-height-default elementor-section-height-default\" data-id=\"dea384b\" data-element_type=\"section\" data-e-type=\"section\">\n\t\t\t\t\t\t<div class=\"elementor-container elementor-column-gap-default\">\n\t\t\t\t\t<div class=\"elementor-column elementor-col-100 elementor-top-column elementor-element elementor-element-2dcc8fa\" data-id=\"2dcc8fa\" data-element_type=\"column\" data-e-type=\"column\">\n\t\t\t<div class=\"elementor-widget-wrap elementor-element-populated\">\n\t\t\t\t\t\t<div class=\"elementor-element elementor-element-0efb0cd elementor-widget elementor-widget-image\" data-id=\"0efb0cd\" data-element_type=\"widget\" data-e-type=\"widget\" data-widget_type=\"image.default\">\n\t\t\t\t<div class=\"elementor-widget-container\">\n\t\t\t\t\t\t\t\t\t\t\t\t\t\t\t\t<a href=\"https:\/\/www.s-senginering.nl\/wp-content\/uploads\/2021\/05\/s-s-enginering-drainage-reiniger-op-tractor-1.jpg\" data-elementor-open-lightbox=\"yes\" data-e-action-hash=\"#elementor-action%3Aaction%3Dlightbox%26settings%3DeyJpZCI6NTY3LCJ1cmwiOiJodHRwczpcL1wvd3d3LnMtc2VuZ2luZXJpbmcubmxcL3dwLWNvbnRlbnRcL3VwbG9hZHNcLzIwMjFcLzA1XC9zLXMtZW5naW5lcmluZy1kcmFpbmFnZS1yZWluaWdlci1vcC10cmFjdG9yLTEuanBnIn0%3D\">\n\t\t\t\t\t\t\t<img fetchpriority=\"high\" decoding=\"async\" width=\"800\" height=\"450\" src=\"https:\/\/www.s-senginering.nl\/wp-content\/uploads\/2021\/05\/s-s-enginering-drainage-reiniger-op-tractor-1-1024x576.jpg\" class=\"attachment-large size-large wp-image-567\" alt=\"\" srcset=\"https:\/\/www.s-senginering.nl\/wp-content\/uploads\/2021\/05\/s-s-enginering-drainage-reiniger-op-tractor-1-1024x576.jpg 1024w, https:\/\/www.s-senginering.nl\/wp-content\/uploads\/2021\/05\/s-s-enginering-drainage-reiniger-op-tractor-1-300x169.jpg 300w, https:\/\/www.s-senginering.nl\/wp-content\/uploads\/2021\/05\/s-s-enginering-drainage-reiniger-op-tractor-1-768x432.jpg 768w, https:\/\/www.s-senginering.nl\/wp-content\/uploads\/2021\/05\/s-s-enginering-drainage-reiniger-op-tractor-1-1536x864.jpg 1536w, https:\/\/www.s-senginering.nl\/wp-content\/uploads\/2021\/05\/s-s-enginering-drainage-reiniger-op-tractor-1.jpg 1920w\" sizes=\"(max-width: 800px) 100vw, 800px\" \/>\t\t\t\t\t\t\t\t<\/a>\n\t\t\t\t\t\t\t\t\t\t\t\t\t\t\t<\/div>\n\t\t\t\t<\/div>\n\t\t\t\t<div class=\"elementor-element elementor-element-b8db336 elementor-widget elementor-widget-text-editor\" data-id=\"b8db336\" data-element_type=\"widget\" data-e-type=\"widget\" data-widget_type=\"text-editor.default\">\n\t\t\t\t<div class=\"elementor-widget-container\">\n\t\t\t\t\t\t\t\t\t<p>Tausende von Maschinen des bekannten PROFESSIONAL DR\u00c4NAGEREINIGER haben ihre N\u00fctzlichkeit und Benutzerfreundlichkeit bereits zur vollen Zufriedenheit der Anwender bewiesen.<\/p>\n<p>Sie sind f\u00fcr die h\u00e4rtesten und h\u00e4rtesten Bedingungen gebaut.<\/p>\n<p>Wenn Sie Ihre Abflusssysteme mit einem PROFESSIONAL DR\u00c4NAGEREINIGER reinigen, bleibt Ihr Abflusssystem in Top-Zustand, f\u00fcr optimale Effizienz und Ergiebigkeit.<\/p>\n<p>DAHER MIT EINER F\u00c4LSCHUNGSMASCHINE NICHT GENUG SEIN, SONDERN DAS ORIGINAL PROFESSIONELLE ANFORDERN, DENN ERFAHRUNG UND WISSEN K\u00d6NNEN NICHT F\u00c4LSCHT SEIN.<\/p>\n<p>Der Profi ist eine modular aufgebaute Maschine, die sich daher auch mit jeder Neuentwicklung erweitern l\u00e4sst. Sie m\u00fcssen also nie eine veraltete Maschine haben.<\/p>\n<p><strong>Viele Optionen stehen zur Verf\u00fcgung, wie zum Beispiel:<\/strong><\/p>\n<ul>\n<li>Ausziehbarer Klapparm<\/li>\n<li>Schwenkarm<\/li>\n<li>Schlauchl\u00e4ngen 300-400-500-600 und 700mtr<\/li>\n<li>Funkfernbedienung<\/li>\n<li>ARS-Wiederholungssystem.<\/li>\n<li>EC-Meterz\u00e4hler mit automatischer Abschaltung.<\/li>\n<li>Dual-Speed-System (DSS)<\/li>\n<li>Multi-Power-Antriebssystem (MPD)<\/li>\n<li>EC ferngesteuertes Hauptventil.<\/li>\n<li>Funkgesteuerte Haspel f\u00fcr den Saugschlauch<\/li>\n<li>Funkgesteuerte Haspel mit 100mtr \u00bd\u201d Schlauch<\/li>\n<li>HTC-Funkgesteuerter, schwenkbarer unterer Bogen<\/li>\n<li>DMM-System<\/li>\n<li>Gr\u00f6\u00dfenauswahl in D\u00fcsen, Ton-Sand-Eisen etc. (insgesamt 7 Stk.<\/li>\n<li>Funkgesteuerte Geschwindigkeitsregelung.<\/li>\n<\/ul>\n<p><strong>Leistungen:<\/strong><\/p>\n<ul>\n<li>Automatische Geschwindigkeitsanpassung, an stark verschmutzten Stellen im Abflussrohr.<\/li>\n<li>Schmale Haspel, kein Schlauchf\u00fchrungssystem erforderlich.<\/li>\n<li>Offene Rolle, also schauen Sie nach hinten nach Verkehr.<\/li>\n<li>Sehr solide AR-Pumpe 142ltr\/min- 50bar mit Messingk\u00f6pfen. Gewicht 52kg<\/li>\n<li>Kompletter Grabenfilter aus Edelstahl.<\/li>\n<li>Zus\u00e4tzlicher Maschinenfilter.<\/li>\n<li>Es gelangt mehr Wasser in die Maschine, wodurch mehr Wasser an die D\u00fcse gelangt und somit eine h\u00f6here Reinigungsleistung erzielt wird.<\/li>\n<li>Gr\u00f6\u00dfere Spezialantriebsr\u00e4der, in Reihe geschaltet.<\/li>\n<li>Besserer Halt am Reinigungsschlauch durch Spezialgummi an den Antriebsr\u00e4dern.<\/li>\n<li>Massiver F\u00fchrungsarm (Rohr rund 50x4mm.<\/li>\n<li>Solide gebaute Maschine. Gewicht ohne Wasser 650kg<\/li>\n<\/ul>\n<p>Wir bieten Ihnen bei Bedarf einen PROFESSIONELLEN ENTW\u00c4SSERUNGSREINIGER bei Ihnen vor Ort durch Zusammenstellung mit Ihnen passend f\u00fcr Ihr Unternehmen.<\/p>\n<p>REICHEN SIE NICHT MIT EINER MASCHINE VON WENIGER QUALIT\u00c4T, sondern rufen Sie uns unter 06 54 20 20 54 an.<\/p>\n<p>Die Maschinen werden frachtfrei \u00fcber H\u00e4ndler oder Importeure geliefert.<\/p>\n\t\t\t\t\t\t\t\t<\/div>\n\t\t\t\t<\/div>\n\t\t\t\t<div class=\"elementor-element elementor-element-869e784 elementor-widget elementor-widget-global elementor-global-967 elementor-widget-gallery\" data-id=\"869e784\" data-element_type=\"widget\" data-e-type=\"widget\" data-settings=\"{&quot;columns&quot;:3,&quot;gap&quot;:{&quot;unit&quot;:&quot;px&quot;,&quot;size&quot;:20,&quot;sizes&quot;:[]},&quot;aspect_ratio&quot;:&quot;1:1&quot;,&quot;image_hover_animation&quot;:&quot;grow&quot;,&quot;lazyload&quot;:&quot;yes&quot;,&quot;gallery_layout&quot;:&quot;grid&quot;,&quot;columns_tablet&quot;:2,&quot;columns_mobile&quot;:1,&quot;gap_tablet&quot;:{&quot;unit&quot;:&quot;px&quot;,&quot;size&quot;:10,&quot;sizes&quot;:[]},&quot;gap_mobile&quot;:{&quot;unit&quot;:&quot;px&quot;,&quot;size&quot;:10,&quot;sizes&quot;:[]},&quot;link_to&quot;:&quot;file&quot;,&quot;overlay_background&quot;:&quot;yes&quot;,&quot;content_hover_animation&quot;:&quot;fade-in&quot;}\" data-widget_type=\"gallery.default\">\n\t\t\t\t<div class=\"elementor-widget-container\">\n\t\t\t\t\t\t\t<div class=\"elementor-gallery__container\">\n\t\t\t\t\t\t\t<a class=\"e-gallery-item elementor-gallery-item elementor-animated-content\" href=\"https:\/\/www.s-senginering.nl\/wp-content\/uploads\/2021\/05\/drainage-reiniger-professional-s-s-enginering-1.jpeg\" data-elementor-open-lightbox=\"yes\" data-elementor-lightbox-slideshow=\"869e784\" data-e-action-hash=\"#elementor-action%3Aaction%3Dlightbox%26settings%3DeyJpZCI6ODE5LCJ1cmwiOiJodHRwczpcL1wvd3d3LnMtc2VuZ2luZXJpbmcubmxcL3dwLWNvbnRlbnRcL3VwbG9hZHNcLzIwMjFcLzA1XC9kcmFpbmFnZS1yZWluaWdlci1wcm9mZXNzaW9uYWwtcy1zLWVuZ2luZXJpbmctMS5qcGVnIiwic2xpZGVzaG93IjoiODY5ZTc4NCJ9\">\n\t\t\t\t\t<div class=\"e-gallery-image elementor-gallery-item__image\" data-thumbnail=\"https:\/\/www.s-senginering.nl\/wp-content\/uploads\/2021\/05\/drainage-reiniger-professional-s-s-enginering-1.jpeg\" data-width=\"1024\" data-height=\"768\" aria-label=\"\" role=\"img\" ><\/div>\n\t\t\t\t\t\t\t\t\t\t\t<div class=\"elementor-gallery-item__overlay\"><\/div>\n\t\t\t\t\t\t\t\t\t\t\t\t\t\t<\/a>\n\t\t\t\t\t\t\t<a class=\"e-gallery-item elementor-gallery-item elementor-animated-content\" href=\"https:\/\/www.s-senginering.nl\/wp-content\/uploads\/2021\/05\/drainage-reiniger-professional-s-s-enginering-3.jpeg\" data-elementor-open-lightbox=\"yes\" data-elementor-lightbox-slideshow=\"869e784\" data-e-action-hash=\"#elementor-action%3Aaction%3Dlightbox%26settings%3DeyJpZCI6ODI1LCJ1cmwiOiJodHRwczpcL1wvd3d3LnMtc2VuZ2luZXJpbmcubmxcL3dwLWNvbnRlbnRcL3VwbG9hZHNcLzIwMjFcLzA1XC9kcmFpbmFnZS1yZWluaWdlci1wcm9mZXNzaW9uYWwtcy1zLWVuZ2luZXJpbmctMy5qcGVnIiwic2xpZGVzaG93IjoiODY5ZTc4NCJ9\">\n\t\t\t\t\t<div class=\"e-gallery-image elementor-gallery-item__image\" data-thumbnail=\"https:\/\/www.s-senginering.nl\/wp-content\/uploads\/2021\/05\/drainage-reiniger-professional-s-s-enginering-3.jpeg\" data-width=\"1024\" data-height=\"768\" aria-label=\"\" role=\"img\" ><\/div>\n\t\t\t\t\t\t\t\t\t\t\t<div class=\"elementor-gallery-item__overlay\"><\/div>\n\t\t\t\t\t\t\t\t\t\t\t\t\t\t<\/a>\n\t\t\t\t\t\t\t<a class=\"e-gallery-item elementor-gallery-item elementor-animated-content\" href=\"https:\/\/www.s-senginering.nl\/wp-content\/uploads\/2021\/05\/drainage-reiniger-professional-s-s-enginering-2.jpeg\" data-elementor-open-lightbox=\"yes\" data-elementor-lightbox-slideshow=\"869e784\" data-e-action-hash=\"#elementor-action%3Aaction%3Dlightbox%26settings%3DeyJpZCI6ODIyLCJ1cmwiOiJodHRwczpcL1wvd3d3LnMtc2VuZ2luZXJpbmcubmxcL3dwLWNvbnRlbnRcL3VwbG9hZHNcLzIwMjFcLzA1XC9kcmFpbmFnZS1yZWluaWdlci1wcm9mZXNzaW9uYWwtcy1zLWVuZ2luZXJpbmctMi5qcGVnIiwic2xpZGVzaG93IjoiODY5ZTc4NCJ9\">\n\t\t\t\t\t<div class=\"e-gallery-image elementor-gallery-item__image\" data-thumbnail=\"https:\/\/www.s-senginering.nl\/wp-content\/uploads\/2021\/05\/drainage-reiniger-professional-s-s-enginering-2.jpeg\" data-width=\"768\" data-height=\"1024\" aria-label=\"\" role=\"img\" ><\/div>\n\t\t\t\t\t\t\t\t\t\t\t<div class=\"elementor-gallery-item__overlay\"><\/div>\n\t\t\t\t\t\t\t\t\t\t\t\t\t\t<\/a>\n\t\t\t\t\t<\/div>\n\t\t\t\t\t<\/div>\n\t\t\t\t<\/div>\n\t\t\t\t\t<\/div>\n\t\t<\/div>\n\t\t\t\t\t<\/div>\n\t\t<\/section>\n\t\t\t\t<\/div>\n\t\t","protected":false},"excerpt":{"rendered":"<p>Tausende von Maschinen des bekannten PROFESSIONAL DR\u00c4NAGEREINIGER haben ihre N\u00fctzlichkeit und Benutzerfreundlichkeit bereits zur vollen Zufriedenheit der Anwender bewiesen. Sie sind f\u00fcr die h\u00e4rtesten und h\u00e4rtesten Bedingungen gebaut. Wenn Sie Ihre Abflusssysteme mit einem PROFESSIONAL DR\u00c4NAGEREINIGER reinigen, bleibt Ihr Abflusssystem in Top-Zustand, f\u00fcr optimale Effizienz und Ergiebigkeit. DAHER MIT EINER F\u00c4LSCHUNGSMASCHINE NICHT GENUG SEIN, SONDERN [&hellip;]<\/p>\n","protected":false},"author":1,"featured_media":567,"parent":0,"menu_order":0,"comment_status":"closed","ping_status":"closed","template":"","meta":{"footnotes":""},"class_list":["post-1778","page","type-page","status-publish","has-post-thumbnail","hentry"],"_links":{"self":[{"href":"https:\/\/www.s-senginering.nl\/de\/wp-json\/wp\/v2\/pages\/1778","targetHints":{"allow":["GET"]}}],"collection":[{"href":"https:\/\/www.s-senginering.nl\/de\/wp-json\/wp\/v2\/pages"}],"about":[{"href":"https:\/\/www.s-senginering.nl\/de\/wp-json\/wp\/v2\/types\/page"}],"author":[{"embeddable":true,"href":"https:\/\/www.s-senginering.nl\/de\/wp-json\/wp\/v2\/users\/1"}],"replies":[{"embeddable":true,"href":"https:\/\/www.s-senginering.nl\/de\/wp-json\/wp\/v2\/comments?post=1778"}],"version-history":[{"count":5,"href":"https:\/\/www.s-senginering.nl\/de\/wp-json\/wp\/v2\/pages\/1778\/revisions"}],"predecessor-version":[{"id":2486,"href":"https:\/\/www.s-senginering.nl\/de\/wp-json\/wp\/v2\/pages\/1778\/revisions\/2486"}],"wp:featuredmedia":[{"embeddable":true,"href":"https:\/\/www.s-senginering.nl\/de\/wp-json\/wp\/v2\/media\/567"}],"wp:attachment":[{"href":"https:\/\/www.s-senginering.nl\/de\/wp-json\/wp\/v2\/media?parent=1778"}],"curies":[{"name":"wp","href":"https:\/\/api.w.org\/{rel}","templated":true}]}}